{"id":570,"date":"2025-03-02T18:52:50","date_gmt":"2025-03-02T18:52:50","guid":{"rendered":"http:\/\/macozag.com\/?post_type=product&#038;p=570"},"modified":"2025-03-02T18:53:11","modified_gmt":"2025-03-02T18:53:11","slug":"uhd5004f-243-m14-ksc-q","status":"publish","type":"product","link":"https:\/\/macozag.com\/?product=uhd5004f-243-m14-ksc-q","title":{"rendered":"UHD5004F-243-M14\/KSC\/Q"},"content":{"rendered":"<p>Overlock de 2 agujas, 4 hilos (2&#215;4) equipada con motor servo en el cabezal, funci\u00f3n de posicionamiento de aguja, l\u00e1mpara de LEDs, cortacadenetas lateral plano, alza prensatelas neum\u00e1tico, 2 sensores (frontal y trasero) y aspiraci\u00f3n de la cadeneta y tejido recortado.<\/p>\n","protected":false},"excerpt":{"rendered":"<p>Overlock de 2 agujas, 4 hilos (2&#215;4) equipada con motor servo en el cabezal, funci\u00f3n de posicionamiento de aguja, l\u00e1mpara de LEDs, cortacadenetas lateral plano, alza prensatelas neum\u00e1tico, 2 sensores (frontal y trasero) y aspiraci\u00f3n de la cadeneta y tejido recortado. <\/p>\n","protected":false},"featured_media":600,"comment_status":"open","ping_status":"closed","template":"","meta":[],"product_brand":[],"product_cat":[70,68],"product_tag":[],"class_list":{"0":"post-570","1":"product","2":"type-product","3":"status-publish","4":"has-post-thumbnail","6":"product_cat-kingtex-overlock","7":"product_cat-overlock","9":"first","10":"instock","11":"taxable","12":"shipping-taxable","13":"product-type-simple"},"_links":{"self":[{"href":"https:\/\/macozag.com\/index.php?rest_route=\/wp\/v2\/product\/570","targetHints":{"allow":["GET"]}}],"collection":[{"href":"https:\/\/macozag.com\/index.php?rest_route=\/wp\/v2\/product"}],"about":[{"href":"https:\/\/macozag.com\/index.php?rest_route=\/wp\/v2\/types\/product"}],"replies":[{"embeddable":true,"href":"https:\/\/macozag.com\/index.php?rest_route=%2Fwp%2Fv2%2Fcomments&post=570"}],"wp:featuredmedia":[{"embeddable":true,"href":"https:\/\/macozag.com\/index.php?rest_route=\/wp\/v2\/media\/600"}],"wp:attachment":[{"href":"https:\/\/macozag.com\/index.php?rest_route=%2Fwp%2Fv2%2Fmedia&parent=570"}],"wp:term":[{"taxonomy":"product_brand","embeddable":true,"href":"https:\/\/macozag.com\/index.php?rest_route=%2Fwp%2Fv2%2Fproduct_brand&post=570"},{"taxonomy":"product_cat","embeddable":true,"href":"https:\/\/macozag.com\/index.php?rest_route=%2Fwp%2Fv2%2Fproduct_cat&post=570"},{"taxonomy":"product_tag","embeddable":true,"href":"https:\/\/macozag.com\/index.php?rest_route=%2Fwp%2Fv2%2Fproduct_tag&post=570"}],"curies":[{"name":"wp","href":"https:\/\/api.w.org\/{rel}","templated":true}]}}