{"id":569,"date":"2025-03-02T18:52:50","date_gmt":"2025-03-02T18:52:50","guid":{"rendered":"http:\/\/macozag.com\/?post_type=product&#038;p=569"},"modified":"2025-03-02T18:53:08","modified_gmt":"2025-03-02T18:53:08","slug":"uhd-9024a-243-m14","status":"publish","type":"product","link":"https:\/\/macozag.com\/?product=uhd-9024a-243-m14","title":{"rendered":"UHD-9024A-243-M14"},"content":{"rendered":"<p>M\u00e1quina overlock de alta velocidad (7.000 PPM) de 2 agujas 4 hilos equipada con motor servo (Ho Hsing) incorporado en el cabezal con atacador autom\u00e1tico de cadeneta. Equipada con pantalla t\u00e1ctil en color para seleccionar los diferente par\u00e1metros, cortacadeneta, alzaprensatelas y abre tensiones autom\u00e1ticos.<\/p>\n","protected":false},"excerpt":{"rendered":"<p>M\u00e1quina overlock de alta velocidad (7.000 PPM) de 2 agujas 4 hilos equipada con motor servo (Ho Hsing) incorporado en el cabezal con atacador autom\u00e1tico de cadeneta. Equipada con pantalla t\u00e1ctil en color para seleccionar los diferente par\u00e1metros, cortacadeneta, alzaprensatelas y abre tensiones autom\u00e1ticos.<\/p>\n","protected":false},"featured_media":599,"comment_status":"open","ping_status":"closed","template":"","meta":[],"product_brand":[],"product_cat":[68,70],"product_tag":[],"class_list":{"0":"post-569","1":"product","2":"type-product","3":"status-publish","4":"has-post-thumbnail","6":"product_cat-overlock","7":"product_cat-kingtex-overlock","9":"first","10":"instock","11":"taxable","12":"shipping-taxable","13":"product-type-simple"},"_links":{"self":[{"href":"https:\/\/macozag.com\/index.php?rest_route=\/wp\/v2\/product\/569","targetHints":{"allow":["GET"]}}],"collection":[{"href":"https:\/\/macozag.com\/index.php?rest_route=\/wp\/v2\/product"}],"about":[{"href":"https:\/\/macozag.com\/index.php?rest_route=\/wp\/v2\/types\/product"}],"replies":[{"embeddable":true,"href":"https:\/\/macozag.com\/index.php?rest_route=%2Fwp%2Fv2%2Fcomments&post=569"}],"wp:featuredmedia":[{"embeddable":true,"href":"https:\/\/macozag.com\/index.php?rest_route=\/wp\/v2\/media\/599"}],"wp:attachment":[{"href":"https:\/\/macozag.com\/index.php?rest_route=%2Fwp%2Fv2%2Fmedia&parent=569"}],"wp:term":[{"taxonomy":"product_brand","embeddable":true,"href":"https:\/\/macozag.com\/index.php?rest_route=%2Fwp%2Fv2%2Fproduct_brand&post=569"},{"taxonomy":"product_cat","embeddable":true,"href":"https:\/\/macozag.com\/index.php?rest_route=%2Fwp%2Fv2%2Fproduct_cat&post=569"},{"taxonomy":"product_tag","embeddable":true,"href":"https:\/\/macozag.com\/index.php?rest_route=%2Fwp%2Fv2%2Fproduct_tag&post=569"}],"curies":[{"name":"wp","href":"https:\/\/api.w.org\/{rel}","templated":true}]}}