{"id":566,"date":"2025-03-02T18:52:50","date_gmt":"2025-03-02T18:52:50","guid":{"rendered":"http:\/\/macozag.com\/?post_type=product&#038;p=566"},"modified":"2025-03-02T18:53:02","modified_gmt":"2025-03-02T18:53:02","slug":"uhf-9004-9005-9105-243-353-553-m14-16-x16","status":"publish","type":"product","link":"https:\/\/macozag.com\/?product=uhf-9004-9005-9105-243-353-553-m14-16-x16","title":{"rendered":"UHF-9004 \/ 9005 \/ 9105-243 \/ 353 \/ 553-M14 \/ 16 \/ X16"},"content":{"rendered":"<p>UHF-9004-243-M14<br \/>M\u00e1quina overlock de arrastre superior de base cil\u00edndrica de 2 agujas 4 hilos para g\u00e9neros medios y finos. Velocidad 6.500 PPM.<br \/>UHF-9005-353-M16<br \/>M\u00e1quina overlock de arrastre superior de 2 agujas 5 hilos (3&#215;5) para g\u00e9neros medios y finos. Velocidad 6.000 PPM<br \/>UHF-9005-553-M16<br \/>M\u00e1quina overlock de arrastre superior de 2 agujas 5 hilos (5&#215;5) para g\u00e9neros medios y finos. Velocidad 6.000 PPM<br \/>UHF-9105-553-X16\/AG041<br \/>M\u00e1quina overlock de arrastre superior de 2 agujas 5 hilos (5&#215;5) para g\u00e9neros pesados. Equipada con cuchilla de \u00e1ngulo de widia, prensatelas de tractor, arrastre y \u00e1ncoras especiales para coser g\u00e9nero pesado. Velocidad 5.500 PPM.<\/p>\n","protected":false},"excerpt":{"rendered":"<p>M\u00e1quina overlock de arrastre superior de base cil\u00edndrica de 2 agujas 4 hilos para g\u00e9neros medios y finos.<\/p>\n","protected":false},"featured_media":596,"comment_status":"open","ping_status":"closed","template":"","meta":[],"product_brand":[],"product_cat":[68,70],"product_tag":[],"class_list":{"0":"post-566","1":"product","2":"type-product","3":"status-publish","4":"has-post-thumbnail","6":"product_cat-overlock","7":"product_cat-kingtex-overlock","9":"first","10":"instock","11":"taxable","12":"shipping-taxable","13":"product-type-simple"},"_links":{"self":[{"href":"https:\/\/macozag.com\/index.php?rest_route=\/wp\/v2\/product\/566","targetHints":{"allow":["GET"]}}],"collection":[{"href":"https:\/\/macozag.com\/index.php?rest_route=\/wp\/v2\/product"}],"about":[{"href":"https:\/\/macozag.com\/index.php?rest_route=\/wp\/v2\/types\/product"}],"replies":[{"embeddable":true,"href":"https:\/\/macozag.com\/index.php?rest_route=%2Fwp%2Fv2%2Fcomments&post=566"}],"wp:featuredmedia":[{"embeddable":true,"href":"https:\/\/macozag.com\/index.php?rest_route=\/wp\/v2\/media\/596"}],"wp:attachment":[{"href":"https:\/\/macozag.com\/index.php?rest_route=%2Fwp%2Fv2%2Fmedia&parent=566"}],"wp:term":[{"taxonomy":"product_brand","embeddable":true,"href":"https:\/\/macozag.com\/index.php?rest_route=%2Fwp%2Fv2%2Fproduct_brand&post=566"},{"taxonomy":"product_cat","embeddable":true,"href":"https:\/\/macozag.com\/index.php?rest_route=%2Fwp%2Fv2%2Fproduct_cat&post=566"},{"taxonomy":"product_tag","embeddable":true,"href":"https:\/\/macozag.com\/index.php?rest_route=%2Fwp%2Fv2%2Fproduct_tag&post=566"}],"curies":[{"name":"wp","href":"https:\/\/api.w.org\/{rel}","templated":true}]}}