{"id":525,"date":"2025-03-02T18:52:27","date_gmt":"2025-03-02T18:52:27","guid":{"rendered":"http:\/\/macozag.com\/?post_type=product&#038;p=525"},"modified":"2025-03-02T18:52:43","modified_gmt":"2025-03-02T18:52:43","slug":"c5s-4-83-bk","status":"publish","type":"product","link":"https:\/\/macozag.com\/?product=c5s-4-83-bk","title":{"rendered":"C5S-4-83-BK"},"content":{"rendered":"<p>Maquina remalladora de 4 hilos automatica neumatica de alta velocidad<br \/>Equipada con 4 celdas para el ajuste del cortacintas, alzaprensatelas, instrucciones por voz, atacador neum\u00e1tico frontal, luz LED integrada y motor Direct Drive. Posibilidad de trabajar en modo manual, semiautom\u00e1tico o autom\u00e1tico. Equipada con sistema de ajuste para trabajar con distintos grosores, como telas finas, medias o gruesas.<\/p>\n","protected":false},"excerpt":{"rendered":"<p>Maquina remalladora de 4 hilos automatica neumatica de alta velocidad<\/p>\n","protected":false},"featured_media":555,"comment_status":"open","ping_status":"closed","template":"","meta":[],"product_brand":[],"product_cat":[69,68],"product_tag":[],"class_list":{"0":"post-525","1":"product","2":"type-product","3":"status-publish","4":"has-post-thumbnail","6":"product_cat-jack-overlock","7":"product_cat-overlock","9":"first","10":"instock","11":"taxable","12":"shipping-taxable","13":"product-type-simple"},"_links":{"self":[{"href":"https:\/\/macozag.com\/index.php?rest_route=\/wp\/v2\/product\/525","targetHints":{"allow":["GET"]}}],"collection":[{"href":"https:\/\/macozag.com\/index.php?rest_route=\/wp\/v2\/product"}],"about":[{"href":"https:\/\/macozag.com\/index.php?rest_route=\/wp\/v2\/types\/product"}],"replies":[{"embeddable":true,"href":"https:\/\/macozag.com\/index.php?rest_route=%2Fwp%2Fv2%2Fcomments&post=525"}],"wp:featuredmedia":[{"embeddable":true,"href":"https:\/\/macozag.com\/index.php?rest_route=\/wp\/v2\/media\/555"}],"wp:attachment":[{"href":"https:\/\/macozag.com\/index.php?rest_route=%2Fwp%2Fv2%2Fmedia&parent=525"}],"wp:term":[{"taxonomy":"product_brand","embeddable":true,"href":"https:\/\/macozag.com\/index.php?rest_route=%2Fwp%2Fv2%2Fproduct_brand&post=525"},{"taxonomy":"product_cat","embeddable":true,"href":"https:\/\/macozag.com\/index.php?rest_route=%2Fwp%2Fv2%2Fproduct_cat&post=525"},{"taxonomy":"product_tag","embeddable":true,"href":"https:\/\/macozag.com\/index.php?rest_route=%2Fwp%2Fv2%2Fproduct_tag&post=525"}],"curies":[{"name":"wp","href":"https:\/\/api.w.org\/{rel}","templated":true}]}}