{"id":522,"date":"2025-03-02T18:52:27","date_gmt":"2025-03-02T18:52:27","guid":{"rendered":"http:\/\/macozag.com\/?post_type=product&#038;p=522"},"modified":"2025-03-02T18:52:42","modified_gmt":"2025-03-02T18:52:42","slug":"c6-4-m03-333-iot","status":"publish","type":"product","link":"https:\/\/macozag.com\/?product=c6-4-m03-333-iot","title":{"rendered":"C6-4-M03-333-IoT"},"content":{"rendered":"<p>M\u00e1quina remalladora de 4 hilos autom\u00e1tica electr\u00f3nica con sistema IoT<br \/>Equipada con sistema IoT, 4 c\u00e9lulas para el ajuste del cortacintas, alzaprensatelas, instrucciones por voz, luz LED integrada y motor Direct Drive. Posibilidad de trabajar en modo manual, semiautom\u00e1tico o autom\u00e1tico. Equipada con sistema de ajuste para trabajar con distintos grosores, como telas finas, medias o gruesas.<\/p>\n","protected":false},"excerpt":{"rendered":"<p>M\u00e1quina remalladora de 4 hilos autom\u00e1tica electr\u00f3nica con sistema IoT<\/p>\n","protected":false},"featured_media":552,"comment_status":"open","ping_status":"closed","template":"","meta":[],"product_brand":[],"product_cat":[69,68],"product_tag":[],"class_list":{"0":"post-522","1":"product","2":"type-product","3":"status-publish","4":"has-post-thumbnail","6":"product_cat-jack-overlock","7":"product_cat-overlock","9":"first","10":"instock","11":"taxable","12":"shipping-taxable","13":"product-type-simple"},"_links":{"self":[{"href":"https:\/\/macozag.com\/index.php?rest_route=\/wp\/v2\/product\/522","targetHints":{"allow":["GET"]}}],"collection":[{"href":"https:\/\/macozag.com\/index.php?rest_route=\/wp\/v2\/product"}],"about":[{"href":"https:\/\/macozag.com\/index.php?rest_route=\/wp\/v2\/types\/product"}],"replies":[{"embeddable":true,"href":"https:\/\/macozag.com\/index.php?rest_route=%2Fwp%2Fv2%2Fcomments&post=522"}],"wp:featuredmedia":[{"embeddable":true,"href":"https:\/\/macozag.com\/index.php?rest_route=\/wp\/v2\/media\/552"}],"wp:attachment":[{"href":"https:\/\/macozag.com\/index.php?rest_route=%2Fwp%2Fv2%2Fmedia&parent=522"}],"wp:term":[{"taxonomy":"product_brand","embeddable":true,"href":"https:\/\/macozag.com\/index.php?rest_route=%2Fwp%2Fv2%2Fproduct_brand&post=522"},{"taxonomy":"product_cat","embeddable":true,"href":"https:\/\/macozag.com\/index.php?rest_route=%2Fwp%2Fv2%2Fproduct_cat&post=522"},{"taxonomy":"product_tag","embeddable":true,"href":"https:\/\/macozag.com\/index.php?rest_route=%2Fwp%2Fv2%2Fproduct_tag&post=522"}],"curies":[{"name":"wp","href":"https:\/\/api.w.org\/{rel}","templated":true}]}}