{"id":517,"date":"2025-03-02T18:52:26","date_gmt":"2025-03-02T18:52:26","guid":{"rendered":"http:\/\/macozag.com\/?post_type=product&#038;p=517"},"modified":"2025-03-02T18:52:39","modified_gmt":"2025-03-02T18:52:39","slug":"jk-797di-3-504-02-233n","status":"publish","type":"product","link":"https:\/\/macozag.com\/?product=jk-797di-3-504-02-233n","title":{"rendered":"JK-797DI-3-504-02-233N"},"content":{"rendered":"<p>M\u00e1quina remalladora de 3 hilos cil\u00edndrica<br \/>Equipada con brazo de 148 mm, disponible con o sin dispositivo de tensi\u00f3n neum\u00e1tica, longitud de puntada ajustable, luz LED integrada y motor Direct Drive. Tambi\u00e9n disponible con transporte superior.<\/p>\n","protected":false},"excerpt":{"rendered":"<p>M\u00e1quina remalladora de 3 hilos cil\u00edndrica<\/p>\n","protected":false},"featured_media":547,"comment_status":"open","ping_status":"closed","template":"","meta":[],"product_brand":[],"product_cat":[69,68],"product_tag":[],"class_list":{"0":"post-517","1":"product","2":"type-product","3":"status-publish","4":"has-post-thumbnail","6":"product_cat-jack-overlock","7":"product_cat-overlock","9":"first","10":"instock","11":"taxable","12":"shipping-taxable","13":"product-type-simple"},"_links":{"self":[{"href":"https:\/\/macozag.com\/index.php?rest_route=\/wp\/v2\/product\/517","targetHints":{"allow":["GET"]}}],"collection":[{"href":"https:\/\/macozag.com\/index.php?rest_route=\/wp\/v2\/product"}],"about":[{"href":"https:\/\/macozag.com\/index.php?rest_route=\/wp\/v2\/types\/product"}],"replies":[{"embeddable":true,"href":"https:\/\/macozag.com\/index.php?rest_route=%2Fwp%2Fv2%2Fcomments&post=517"}],"wp:featuredmedia":[{"embeddable":true,"href":"https:\/\/macozag.com\/index.php?rest_route=\/wp\/v2\/media\/547"}],"wp:attachment":[{"href":"https:\/\/macozag.com\/index.php?rest_route=%2Fwp%2Fv2%2Fmedia&parent=517"}],"wp:term":[{"taxonomy":"product_brand","embeddable":true,"href":"https:\/\/macozag.com\/index.php?rest_route=%2Fwp%2Fv2%2Fproduct_brand&post=517"},{"taxonomy":"product_cat","embeddable":true,"href":"https:\/\/macozag.com\/index.php?rest_route=%2Fwp%2Fv2%2Fproduct_cat&post=517"},{"taxonomy":"product_tag","embeddable":true,"href":"https:\/\/macozag.com\/index.php?rest_route=%2Fwp%2Fv2%2Fproduct_tag&post=517"}],"curies":[{"name":"wp","href":"https:\/\/api.w.org\/{rel}","templated":true}]}}