{"id":508,"date":"2025-03-02T18:52:24","date_gmt":"2025-03-02T18:52:24","guid":{"rendered":"http:\/\/macozag.com\/?post_type=product&#038;p=508"},"modified":"2025-03-02T18:52:32","modified_gmt":"2025-03-02T18:52:32","slug":"lz-2280ab","status":"publish","type":"product","link":"https:\/\/macozag.com\/?product=lz-2280ab","title":{"rendered":"LZ-2280AB"},"content":{"rendered":"<p>M\u00e1quina zigzag con lubricaci\u00f3n autom\u00e1tica<br \/>Con un ancho de costura de 8 mm y una longitud de puntada de 5 mm.<\/p>\n<p>Mecanismo del cortahilos<br \/>El sistema de deslizamiento de la cuchilla con estructura de bucle espec\u00edfico de JUKI permite recortar el hilo sin fallas, tanto si la aguja tira hacia la derecha como hacia la izquierda.<br \/>Se ha ampliado el rango de ajuste de los mecanismos de arrastre<br \/>Mejorando as\u00ed la capacidad de respuesta de la m\u00e1quina a los materiales.<br \/>Velocidad de costura m\u00e1x. 5000ppm<br \/>Ancho m\u00e1x. de costura 8mm<br \/>Elevaci\u00f3n del prensatelas Manual: 5,5 mm Rodilla: 10 mm<\/p>\n","protected":false},"excerpt":{"rendered":"<p>M\u00e1quina zigzag con lubricaci\u00f3n autom\u00e1tica Con un ancho de costura de 8 mm y una longitud de puntada de 5 mm. <\/p>\n","protected":false},"featured_media":538,"comment_status":"open","ping_status":"closed","template":"","meta":[],"product_brand":[],"product_cat":[67,65],"product_tag":[],"class_list":{"0":"post-508","1":"product","2":"type-product","3":"status-publish","4":"has-post-thumbnail","6":"product_cat-juki-zigzag","7":"product_cat-zigzag","9":"first","10":"instock","11":"taxable","12":"shipping-taxable","13":"product-type-simple"},"_links":{"self":[{"href":"https:\/\/macozag.com\/index.php?rest_route=\/wp\/v2\/product\/508","targetHints":{"allow":["GET"]}}],"collection":[{"href":"https:\/\/macozag.com\/index.php?rest_route=\/wp\/v2\/product"}],"about":[{"href":"https:\/\/macozag.com\/index.php?rest_route=\/wp\/v2\/types\/product"}],"replies":[{"embeddable":true,"href":"https:\/\/macozag.com\/index.php?rest_route=%2Fwp%2Fv2%2Fcomments&post=508"}],"wp:featuredmedia":[{"embeddable":true,"href":"https:\/\/macozag.com\/index.php?rest_route=\/wp\/v2\/media\/538"}],"wp:attachment":[{"href":"https:\/\/macozag.com\/index.php?rest_route=%2Fwp%2Fv2%2Fmedia&parent=508"}],"wp:term":[{"taxonomy":"product_brand","embeddable":true,"href":"https:\/\/macozag.com\/index.php?rest_route=%2Fwp%2Fv2%2Fproduct_brand&post=508"},{"taxonomy":"product_cat","embeddable":true,"href":"https:\/\/macozag.com\/index.php?rest_route=%2Fwp%2Fv2%2Fproduct_cat&post=508"},{"taxonomy":"product_tag","embeddable":true,"href":"https:\/\/macozag.com\/index.php?rest_route=%2Fwp%2Fv2%2Fproduct_tag&post=508"}],"curies":[{"name":"wp","href":"https:\/\/api.w.org\/{rel}","templated":true}]}}