{"id":506,"date":"2025-03-02T18:52:24","date_gmt":"2025-03-02T18:52:24","guid":{"rendered":"http:\/\/macozag.com\/?post_type=product&#038;p=506"},"modified":"2025-03-02T18:52:31","modified_gmt":"2025-03-02T18:52:31","slug":"jk-20u-53z","status":"publish","type":"product","link":"https:\/\/macozag.com\/?product=jk-20u-53z","title":{"rendered":"JK-20U-53Z"},"content":{"rendered":"<p>M\u00e1quina de zigzag semi industrial 9 mm<br \/>M\u00e1quina zigzag de brazo corto apta para coser y bordar. Zigzag ajustable en diferentes anchos hasta 9 mm ideal en tejidos medianamente ligeros. Doble uso de la palanca para subir el prensatelas o para bordear. Equipada con luz LED y motor Direct Drive.<\/p>\n<p>Bot\u00f3n para a\u00f1adir puntada<br \/>Adem\u00e1s de activar la luz LED, hemos agregado un bot\u00f3n electr\u00f3nico cerca de la barra de la aguja para agregar puntadas con precisi\u00f3n incluso en los trabajos m\u00e1s dif\u00edciles.<br \/>Motor integrado<br \/>Motor de 550 W incorporado para un mayor ahorro de energ\u00eda. Panel integrado para una m\u00e1xima velocidad y posicionamiento de la aguja.<br \/>Ancho de zigzag<br \/>La anchura del zigzag puede ser de hasta 9 mm y puede controlarse mediante una c\u00f3moda palanca.<br \/>posici\u00f3n de la aguja<br \/>La aguja se puede mover en 3 posiciones (central, derecha e izquierda) gracias a un c\u00f3modo deslizador: esto le permite coser cremalleras f\u00e1cilmente.<\/p>\n","protected":false},"excerpt":{"rendered":"<p>M\u00e1quina de zigzag semi industrial 9 mm M\u00e1quina zigzag de brazo corto apta para coser y bordar. Zigzag ajustable en diferentes anchos hasta 9 mm ideal en tejidos medianamente ligeros. Doble uso de la palanca para subir el prensatelas o para bordear. Equipada con luz LED y motor Direct Drive.<\/p>\n","protected":false},"featured_media":536,"comment_status":"open","ping_status":"closed","template":"","meta":[],"product_brand":[],"product_cat":[66,65],"product_tag":[],"class_list":{"0":"post-506","1":"product","2":"type-product","3":"status-publish","4":"has-post-thumbnail","6":"product_cat-jack-zigzag","7":"product_cat-zigzag","9":"first","10":"instock","11":"taxable","12":"shipping-taxable","13":"product-type-simple"},"_links":{"self":[{"href":"https:\/\/macozag.com\/index.php?rest_route=\/wp\/v2\/product\/506","targetHints":{"allow":["GET"]}}],"collection":[{"href":"https:\/\/macozag.com\/index.php?rest_route=\/wp\/v2\/product"}],"about":[{"href":"https:\/\/macozag.com\/index.php?rest_route=\/wp\/v2\/types\/product"}],"replies":[{"embeddable":true,"href":"https:\/\/macozag.com\/index.php?rest_route=%2Fwp%2Fv2%2Fcomments&post=506"}],"wp:featuredmedia":[{"embeddable":true,"href":"https:\/\/macozag.com\/index.php?rest_route=\/wp\/v2\/media\/536"}],"wp:attachment":[{"href":"https:\/\/macozag.com\/index.php?rest_route=%2Fwp%2Fv2%2Fmedia&parent=506"}],"wp:term":[{"taxonomy":"product_brand","embeddable":true,"href":"https:\/\/macozag.com\/index.php?rest_route=%2Fwp%2Fv2%2Fproduct_brand&post=506"},{"taxonomy":"product_cat","embeddable":true,"href":"https:\/\/macozag.com\/index.php?rest_route=%2Fwp%2Fv2%2Fproduct_cat&post=506"},{"taxonomy":"product_tag","embeddable":true,"href":"https:\/\/macozag.com\/index.php?rest_route=%2Fwp%2Fv2%2Fproduct_tag&post=506"}],"curies":[{"name":"wp","href":"https:\/\/api.w.org\/{rel}","templated":true}]}}