{"id":470,"date":"2025-03-02T18:52:02","date_gmt":"2025-03-02T18:52:02","guid":{"rendered":"http:\/\/macozag.com\/?post_type=product&#038;p=470"},"modified":"2025-03-02T18:52:21","modified_gmt":"2025-03-02T18:52:21","slug":"lk-1900ss-s000-bb","status":"publish","type":"product","link":"https:\/\/macozag.com\/?product=lk-1900ss-s000-bb","title":{"rendered":"LK-1900SS-S000-BB"},"content":{"rendered":"<p>M\u00e1quina de presillas con canilla 40 x 30 mm<br \/>Equipada con panel con instrucciones habladas (ingl\u00e9s), funci\u00f3n reloj, informaci\u00f3n sobre productividad, memoria con 50 patrones, y posibilidad de almacenar hasta 200, y entrada de USB. Posibilidad de aumentar o disminuir los dise\u00f1os de 20 &#8211; 200%.<\/p>\n","protected":false},"excerpt":{"rendered":"<p>M\u00e1quina de presillas con canilla 40 x 30 mm Equipada con panel con instrucciones habladas (ingl\u00e9s), funci\u00f3n reloj, informaci\u00f3n sobre productividad, memoria con 50 patrones, y posibilidad de almacenar hasta 200, y entrada de USB. Posibilidad de aumentar o disminuir los dise\u00f1os de 20 &#8211; 200%.<\/p>\n","protected":false},"featured_media":500,"comment_status":"open","ping_status":"closed","template":"","meta":[],"product_brand":[],"product_cat":[64,62],"product_tag":[],"class_list":{"0":"post-470","1":"product","2":"type-product","3":"status-publish","4":"has-post-thumbnail","6":"product_cat-juki-presillas","7":"product_cat-presillas","9":"first","10":"instock","11":"taxable","12":"shipping-taxable","13":"product-type-simple"},"_links":{"self":[{"href":"https:\/\/macozag.com\/index.php?rest_route=\/wp\/v2\/product\/470","targetHints":{"allow":["GET"]}}],"collection":[{"href":"https:\/\/macozag.com\/index.php?rest_route=\/wp\/v2\/product"}],"about":[{"href":"https:\/\/macozag.com\/index.php?rest_route=\/wp\/v2\/types\/product"}],"replies":[{"embeddable":true,"href":"https:\/\/macozag.com\/index.php?rest_route=%2Fwp%2Fv2%2Fcomments&post=470"}],"wp:featuredmedia":[{"embeddable":true,"href":"https:\/\/macozag.com\/index.php?rest_route=\/wp\/v2\/media\/500"}],"wp:attachment":[{"href":"https:\/\/macozag.com\/index.php?rest_route=%2Fwp%2Fv2%2Fmedia&parent=470"}],"wp:term":[{"taxonomy":"product_brand","embeddable":true,"href":"https:\/\/macozag.com\/index.php?rest_route=%2Fwp%2Fv2%2Fproduct_brand&post=470"},{"taxonomy":"product_cat","embeddable":true,"href":"https:\/\/macozag.com\/index.php?rest_route=%2Fwp%2Fv2%2Fproduct_cat&post=470"},{"taxonomy":"product_tag","embeddable":true,"href":"https:\/\/macozag.com\/index.php?rest_route=%2Fwp%2Fv2%2Fproduct_tag&post=470"}],"curies":[{"name":"wp","href":"https:\/\/api.w.org\/{rel}","templated":true}]}}