{"id":464,"date":"2025-03-02T18:52:01","date_gmt":"2025-03-02T18:52:01","guid":{"rendered":"http:\/\/macozag.com\/?post_type=product&#038;p=464"},"modified":"2025-03-02T18:52:18","modified_gmt":"2025-03-02T18:52:18","slug":"jk-t1900gy","status":"publish","type":"product","link":"https:\/\/macozag.com\/?product=jk-t1900gy","title":{"rendered":"JK-T1900GY"},"content":{"rendered":"<p>M\u00e1quina de ojos para gorras<br \/>Equipada con panel t\u00e1ctil de programaci\u00f3n, luz LED integrada y motor Direct Drive.<\/p>\n<p>Panel t\u00e1ctil<br \/>El panel t\u00e1ctil es sensible y muestra las funciones de reinicio y transferencia de la m\u00e1quina.<br \/>Especial para gorras<br \/>Adecuado para crear ojales en la parte superior de gorras y zapatos.<br \/>modelos Agujas hilos Costura direccion X (mm) Costura direccion Y (mm) Altura prensatelas (mm) Velocidad (ppm)<br \/>JK-T1900GSK-D 1 2 40 30 13 3200<br \/>JK-T1900GSK-D-IO 1 2 40 30 13 3200<br \/>JK-T1900GHK 1 2 40 30 13 3200<br \/>JK-T1900GY 1 2 40 30 13 2700<\/p>\n","protected":false},"excerpt":{"rendered":"<p>M\u00e1quina de ojos para gorras Equipada con panel t\u00e1ctil de programaci\u00f3n, luz LED integrada y motor Direct Drive.<\/p>\n","protected":false},"featured_media":494,"comment_status":"open","ping_status":"closed","template":"","meta":[],"product_brand":[],"product_cat":[63,62],"product_tag":[],"class_list":{"0":"post-464","1":"product","2":"type-product","3":"status-publish","4":"has-post-thumbnail","6":"product_cat-jack-presillas","7":"product_cat-presillas","9":"first","10":"instock","11":"taxable","12":"shipping-taxable","13":"product-type-simple"},"_links":{"self":[{"href":"https:\/\/macozag.com\/index.php?rest_route=\/wp\/v2\/product\/464","targetHints":{"allow":["GET"]}}],"collection":[{"href":"https:\/\/macozag.com\/index.php?rest_route=\/wp\/v2\/product"}],"about":[{"href":"https:\/\/macozag.com\/index.php?rest_route=\/wp\/v2\/types\/product"}],"replies":[{"embeddable":true,"href":"https:\/\/macozag.com\/index.php?rest_route=%2Fwp%2Fv2%2Fcomments&post=464"}],"wp:featuredmedia":[{"embeddable":true,"href":"https:\/\/macozag.com\/index.php?rest_route=\/wp\/v2\/media\/494"}],"wp:attachment":[{"href":"https:\/\/macozag.com\/index.php?rest_route=%2Fwp%2Fv2%2Fmedia&parent=464"}],"wp:term":[{"taxonomy":"product_brand","embeddable":true,"href":"https:\/\/macozag.com\/index.php?rest_route=%2Fwp%2Fv2%2Fproduct_brand&post=464"},{"taxonomy":"product_cat","embeddable":true,"href":"https:\/\/macozag.com\/index.php?rest_route=%2Fwp%2Fv2%2Fproduct_cat&post=464"},{"taxonomy":"product_tag","embeddable":true,"href":"https:\/\/macozag.com\/index.php?rest_route=%2Fwp%2Fv2%2Fproduct_tag&post=464"}],"curies":[{"name":"wp","href":"https:\/\/api.w.org\/{rel}","templated":true}]}}