{"id":461,"date":"2025-03-02T18:52:00","date_gmt":"2025-03-02T18:52:00","guid":{"rendered":"http:\/\/macozag.com\/?post_type=product&#038;p=461"},"modified":"2025-03-02T18:52:16","modified_gmt":"2025-03-02T18:52:16","slug":"lbh-1790ss-mc603ns","status":"publish","type":"product","link":"https:\/\/macozag.com\/?product=lbh-1790ss-mc603ns","title":{"rendered":"LBH-1790SS-MC603NS"},"content":{"rendered":"<p>M\u00e1quina de ojo con multicorte<br \/>Realice distintas medidas de ojo sin necesidad de cambiar la cuchilla, con una longitud de ojo ajustable hasta 31,8 mm.<\/p>\n<p>Puntada de refuerzo en materiales elasticos<br \/>Como el hilo de la aguja queda dentro, nunca sobresaldr\u00e1 de las costuras del ojo.<br \/>Las funciones principales se accionan electricamente<br \/>El elevador del prensatelas, el cortah\u00edlos de la aguja y de la canilla, el regulador de la presi\u00f3n del prensatelas, la cuchilla de corte de tela, y los contorladores de la tensi\u00f3n del hilo.<br \/>Panel de control<br \/>Se puede ajustar el n\u00famero de patrones, la tensi\u00f3n del hilo de la aguja, cambiar la distancia entre ojales, etc. El panel viene de serie con gu\u00eda de voz y un puerto USB.<br \/>La altura del prensatelas se puede ajustar facilmente<br \/>El prensatelas se puede elevar como m\u00e1ximo hasta 17 mm con la funci\u00f3n de aguja arriba.<br \/>Velocidad de costura m\u00e1x. 4200ppm<br \/>longitud de ojo 41mm<br \/>Elevaci\u00f3n del prensatelas Normal: 14 mm Funci\u00f3n aguja arriba: 17 mm<br \/>N\u00ba patrones est\u00e1ndar<br \/>N\u00ba patrones que se pueden cargar<\/p>\n","protected":false},"excerpt":{"rendered":"<p>M\u00e1quina de ojo con multicorte Realice distintas medidas de ojo sin necesidad de cambiar la cuchilla, con una longitud de ojo ajustable hasta 31,8 mm.<\/p>\n","protected":false},"featured_media":491,"comment_status":"open","ping_status":"closed","template":"","meta":[],"product_brand":[],"product_cat":[61,59],"product_tag":[],"class_list":{"0":"post-461","1":"product","2":"type-product","3":"status-publish","4":"has-post-thumbnail","6":"product_cat-juki-ojales","7":"product_cat-ojales","9":"first","10":"instock","11":"taxable","12":"shipping-taxable","13":"product-type-simple"},"_links":{"self":[{"href":"https:\/\/macozag.com\/index.php?rest_route=\/wp\/v2\/product\/461","targetHints":{"allow":["GET"]}}],"collection":[{"href":"https:\/\/macozag.com\/index.php?rest_route=\/wp\/v2\/product"}],"about":[{"href":"https:\/\/macozag.com\/index.php?rest_route=\/wp\/v2\/types\/product"}],"replies":[{"embeddable":true,"href":"https:\/\/macozag.com\/index.php?rest_route=%2Fwp%2Fv2%2Fcomments&post=461"}],"wp:featuredmedia":[{"embeddable":true,"href":"https:\/\/macozag.com\/index.php?rest_route=\/wp\/v2\/media\/491"}],"wp:attachment":[{"href":"https:\/\/macozag.com\/index.php?rest_route=%2Fwp%2Fv2%2Fmedia&parent=461"}],"wp:term":[{"taxonomy":"product_brand","embeddable":true,"href":"https:\/\/macozag.com\/index.php?rest_route=%2Fwp%2Fv2%2Fproduct_brand&post=461"},{"taxonomy":"product_cat","embeddable":true,"href":"https:\/\/macozag.com\/index.php?rest_route=%2Fwp%2Fv2%2Fproduct_cat&post=461"},{"taxonomy":"product_tag","embeddable":true,"href":"https:\/\/macozag.com\/index.php?rest_route=%2Fwp%2Fv2%2Fproduct_tag&post=461"}],"curies":[{"name":"wp","href":"https:\/\/api.w.org\/{rel}","templated":true}]}}