{"id":459,"date":"2025-03-02T18:52:00","date_gmt":"2025-03-02T18:52:00","guid":{"rendered":"http:\/\/macozag.com\/?post_type=product&#038;p=459"},"modified":"2025-03-02T18:52:15","modified_gmt":"2025-03-02T18:52:15","slug":"meb-3200ssmm","status":"publish","type":"product","link":"https:\/\/macozag.com\/?product=meb-3200ssmm","title":{"rendered":"MEB-3200SSMM"},"content":{"rendered":"<p>Maquina de ojal de sastreria electronica con multicorte<br \/>Para tejanos y pantal\u00f3n casual, realiza ojal recto, ojal de pera, con cola abierta o montada, corte antes, despu\u00e9s, solo corte o sin corte. Longitud del ojo de 10 &#8211; 38 mm.<\/p>\n<p>Las tensiones de los hilos de la aguja y del \u00e1ncora pueden establecerse digitalmente en el panel de operaciones seg\u00fan las condiciones de costura.<br \/>Los datos pueden registrarse patr\u00f3n por patr\u00f3n para reproducir f\u00e1cilmente las mismas condiciones de costura.<br \/>Cuchilla de corte de tela accionada verticalmente y controlada por un motor paso a paso.<br \/>Permite ajustar f\u00e1cilmente la presi\u00f3n de la cuchilla en el panel de control para adaptarla al material que se va a utilizar, evitando as\u00ed el corte irregular. Los datos sobre la presi\u00f3n de la cuchilla pueden registrarse patr\u00f3n por patr\u00f3n para establecer la presi\u00f3n de la cuchilla m\u00e1s adecuada.<br \/>Los prensatelas derecho e izquierdo se accionan por separado<br \/>Mediante cilindros de aire independientes. Con este mecanismo podemos sujetar materiales de diferentes grosores de forma fiable.<br \/>Las tensiones del hilo pueden establecerse por separado para las distintas secciones de un ojo<br \/>Las tensiones del hilo para el principio y el final de la costura tambien pueden establecerse por separado. Esto ayuda a evitar las puntadas sueltas o el deslizamiento o deshilachado del hilo al principio de la costura.<br \/>Panel de control<br \/>Todos los datos sobre las especificaciones de costura se pueden establecer\/seleccionar en el panel.<br \/>El cortah\u00edlos corta el hilo a longitudes que permiten a la m\u00e1quina retener los extremos del hilo<br \/>Corta los hilos de las agujas, de las \u00e1ncoras y de las pinzas para dejar hilos \u00e1s largos en el material.<br \/>El sistema Direct Drive conecta directamente el servomotor AC compacto con el eje principal de la m\u00e1quina.<br \/>Permite una r\u00e1pida puesta en marcha y promete una mayor precisi\u00f3n de parada.<br \/>El dispositivo de multicorte incorpora una cuchilla de corte de tela independiente con dos secciones de cuchilla<br \/>Una destinada a las secciones de ojetes de los ojales y otra destinada a las secciones rectas.<br \/>La maquina puede coser ojales de diferente tipo o tamano sin cambiar la cuchilla<br \/>De 18 mm a 38 mm para ojetes de ojales y de 10 mm a 38 mm para ojales rectos.<br \/>Velocidad de costura m\u00e1x. 2200ppm<br \/>Longitud de puntada m\u00e1x. 10 &#8211; 38mm<br \/>Altura de las prensatelas 13mm<\/p>\n","protected":false},"excerpt":{"rendered":"<p>Maquina de ojal de sastreria electronica con multicorte Para tejanos y pantal\u00f3n casual, realiza ojal recto, ojal de pera, con cola abierta o montada, corte antes, despu\u00e9s, solo corte o sin corte. Longitud del ojo de 10 &#8211; 38 mm.<\/p>\n","protected":false},"featured_media":489,"comment_status":"open","ping_status":"closed","template":"","meta":[],"product_brand":[],"product_cat":[61,59],"product_tag":[],"class_list":{"0":"post-459","1":"product","2":"type-product","3":"status-publish","4":"has-post-thumbnail","6":"product_cat-juki-ojales","7":"product_cat-ojales","9":"first","10":"instock","11":"taxable","12":"shipping-taxable","13":"product-type-simple"},"_links":{"self":[{"href":"https:\/\/macozag.com\/index.php?rest_route=\/wp\/v2\/product\/459","targetHints":{"allow":["GET"]}}],"collection":[{"href":"https:\/\/macozag.com\/index.php?rest_route=\/wp\/v2\/product"}],"about":[{"href":"https:\/\/macozag.com\/index.php?rest_route=\/wp\/v2\/types\/product"}],"replies":[{"embeddable":true,"href":"https:\/\/macozag.com\/index.php?rest_route=%2Fwp%2Fv2%2Fcomments&post=459"}],"wp:featuredmedia":[{"embeddable":true,"href":"https:\/\/macozag.com\/index.php?rest_route=\/wp\/v2\/media\/489"}],"wp:attachment":[{"href":"https:\/\/macozag.com\/index.php?rest_route=%2Fwp%2Fv2%2Fmedia&parent=459"}],"wp:term":[{"taxonomy":"product_brand","embeddable":true,"href":"https:\/\/macozag.com\/index.php?rest_route=%2Fwp%2Fv2%2Fproduct_brand&post=459"},{"taxonomy":"product_cat","embeddable":true,"href":"https:\/\/macozag.com\/index.php?rest_route=%2Fwp%2Fv2%2Fproduct_cat&post=459"},{"taxonomy":"product_tag","embeddable":true,"href":"https:\/\/macozag.com\/index.php?rest_route=%2Fwp%2Fv2%2Fproduct_tag&post=459"}],"curies":[{"name":"wp","href":"https:\/\/api.w.org\/{rel}","templated":true}]}}