{"id":454,"date":"2025-03-02T18:51:59","date_gmt":"2025-03-02T18:51:59","guid":{"rendered":"http:\/\/macozag.com\/?post_type=product&#038;p=454"},"modified":"2025-03-02T18:52:13","modified_gmt":"2025-03-02T18:52:13","slug":"jk-t1790gs-2-d-iot","status":"publish","type":"product","link":"https:\/\/macozag.com\/?product=jk-t1790gs-2-d-iot","title":{"rendered":"JK-T1790GS-2-D-IoT"},"content":{"rendered":"<p>M\u00e1quina de ojos electr\u00f3nica con multicorte y sistema IoT<br \/>Equipada con panel de programaci\u00f3n con 31 ojales programados, y un almacenamiento de hasta 500 patrones, puerto USB para transferir los patrones, y sistema IoT. Tama\u00f1o de ojo de 35 mm. Para tela normal.<br \/>Hebra del hilo menor de 2,5 mm<br \/>Perfecto para coser ojos en materiales ligeros.<br \/>Alta adaptabilidad para tejidos de punto<br \/>Un prensatelas especial y una placa aguja peque\u00f1a vienen como est\u00e1ndar, lo que permite presionar materiales el\u00e1sticos y de punto con facilidad.<br \/>sistema inteligente<br \/>Pantalla LCD f\u00e1cil de usar, intuitiva y muy eficaz.<br \/>motor paso a paso<br \/>El motor de arrastre de tela, la barra agujas y el alzaprensatelas est\u00e1n controlados por el motor paso a paso.<br \/>Ojal para punto, sin deformaciones<br \/>Perfecto para materiales elasticos.<br \/>ventilador de refrigeracion<br \/>Reduce la temperatura y prolonga la vida de la m\u00e1quina.<br \/>Cabezal semiseco<br \/>Previene la contaminaci\u00f3n del material.<br \/>Costura continua<br \/>Longitud m\u00e1xima de costura de 120 mm.<br \/>caja de control integrada<br \/>Peque\u00f1a y compacta, sin cables externos, para facilitar la instalaci\u00f3n y el transporte.<br \/>tension electronica<br \/>Establezca diferentes tensiones y gu\u00e1rdelas en 2 preajustes diferentes, impidiendo que el hilo se deshilache o se rompa.<br \/>Devanador de canilla automatico<br \/>Se ha a\u00f1adido una cuchilla para poder cortar el hilo r\u00e1pidamente y sujetar el hilo una vez cortado.<br \/>modelos Agujas hilos Tama\u00f1o de ojo (mm) Altura prensatelas (mm) Velocidad m\u00e1x. (ppm)<br \/>JK-T1790GS-1-D 1 2 25&#215;4 17 4200<br \/>JK-T1790GS-2-D-IO 1 2 35&#215;5 17 4200<br \/>JK-T1790GS-2-D 1 2 35&#215;5 17 4200<br \/>JK-T1792GS-D 1 2 120&#215;5 17 4200<\/p>\n","protected":false},"excerpt":{"rendered":"<p>M\u00e1quina de ojos electr\u00f3nica con multicorte y sistema IoT<\/p>\n","protected":false},"featured_media":484,"comment_status":"open","ping_status":"closed","template":"","meta":[],"product_brand":[],"product_cat":[60,59],"product_tag":[],"class_list":{"0":"post-454","1":"product","2":"type-product","3":"status-publish","4":"has-post-thumbnail","6":"product_cat-jack-ojales","7":"product_cat-ojales","9":"first","10":"instock","11":"taxable","12":"shipping-taxable","13":"product-type-simple"},"_links":{"self":[{"href":"https:\/\/macozag.com\/index.php?rest_route=\/wp\/v2\/product\/454","targetHints":{"allow":["GET"]}}],"collection":[{"href":"https:\/\/macozag.com\/index.php?rest_route=\/wp\/v2\/product"}],"about":[{"href":"https:\/\/macozag.com\/index.php?rest_route=\/wp\/v2\/types\/product"}],"replies":[{"embeddable":true,"href":"https:\/\/macozag.com\/index.php?rest_route=%2Fwp%2Fv2%2Fcomments&post=454"}],"wp:featuredmedia":[{"embeddable":true,"href":"https:\/\/macozag.com\/index.php?rest_route=\/wp\/v2\/media\/484"}],"wp:attachment":[{"href":"https:\/\/macozag.com\/index.php?rest_route=%2Fwp%2Fv2%2Fmedia&parent=454"}],"wp:term":[{"taxonomy":"product_brand","embeddable":true,"href":"https:\/\/macozag.com\/index.php?rest_route=%2Fwp%2Fv2%2Fproduct_brand&post=454"},{"taxonomy":"product_cat","embeddable":true,"href":"https:\/\/macozag.com\/index.php?rest_route=%2Fwp%2Fv2%2Fproduct_cat&post=454"},{"taxonomy":"product_tag","embeddable":true,"href":"https:\/\/macozag.com\/index.php?rest_route=%2Fwp%2Fv2%2Fproduct_tag&post=454"}],"curies":[{"name":"wp","href":"https:\/\/api.w.org\/{rel}","templated":true}]}}