{"id":445,"date":"2025-03-02T18:51:57","date_gmt":"2025-03-02T18:51:57","guid":{"rendered":"http:\/\/macozag.com\/?post_type=product&#038;p=445"},"modified":"2025-03-02T18:52:06","modified_gmt":"2025-03-02T18:52:06","slug":"nera","status":"publish","type":"product","link":"https:\/\/macozag.com\/?product=nera","title":{"rendered":"NERA"},"content":{"rendered":"<p>Nuevo modelo revolucionario de m\u00e1quina de corte circular sin cable, equipada con bater\u00eda recargable para cualquier material textil. Equipada con 1 cargador de bater\u00eda y 2 mini bater\u00edas en miniatura de Litio-Ion 3.6 V y 35 W de potencia. El resultado es una m\u00e1quina compacta, potente y fiable con un peso de s\u00f3lo 580 gramos (peso bruto con embalaje 950 grs). Bater\u00eda con capacidad 2.400 Mah f\u00e1cil de montar y desmontar en la m\u00e1quina. Di\u00e1metro de la cuchilla hexagonal: 50 mm, m\u00e1xima altura de corte 9 mm, velocidad m\u00e1xima 900 RPM ,equipada con contracuchilla, afilador incorporado. El prensatelas permite realizar cortes curvados f\u00e1cilmente.<br \/>DETALLES T\u00c9CNICOS<br \/>\u2013 Di\u00e1metro de la cuchilla: 50 mm con contra hoja de metal duro<br \/>\u2013 Cuchilla: 503EEXT acero EXTRA de 6 filos<br \/>\u2013 Velocidad de la cuchilla: de 900 r.p.m.<br \/>\u2013 Capacidad de corte: 9 mm<br \/>\u2013 Potencia: 3.7 V, 35 W<br \/>\u2013 Bater\u00eda: 3.7 V Li-Ion\u00ae, 2.4 Ah recargable con indicador de estado de carga LED<br \/>\u2013 Cargador: 100-240VAC, 50\/60 Hz, 0.4A m\u00e1x.<br \/>\u2013 Salida: 4.2V, 2A<br \/>\u2013 Tiempo de recarga: 4 h.<br \/>\u2013 Peso (con bater\u00eda): 580 gTotal<br \/>\u2013 Peso (con caja de embalaje): 950 g<br \/>\u2013 Brillo m\u00ednimo para operaciones de trabajo: LUX 200<br \/>\u2013 Vibraciones en el arranque: &lt;2,5 m \/ seg 2<br \/>\u2013 Rango de temperatura: 0 \u00b0 \u2013 55 \u00b0 C<br \/>\u2013 Rango de luminosidad: 10 \u2013 95% sin condensado.<\/p>\n","protected":false},"excerpt":{"rendered":"<p>Nuevo modelo revolucionario de m\u00e1quina de corte circular sin cable, equipada con bater\u00eda recargable para cualquier material textil.<\/p>\n","protected":false},"featured_media":475,"comment_status":"open","ping_status":"closed","template":"","meta":[],"product_brand":[],"product_cat":[57,58],"product_tag":[],"class_list":{"0":"post-445","1":"product","2":"type-product","3":"status-publish","4":"has-post-thumbnail","6":"product_cat-corte-circular","7":"product_cat-rasor","9":"first","10":"instock","11":"taxable","12":"shipping-taxable","13":"product-type-simple"},"_links":{"self":[{"href":"https:\/\/macozag.com\/index.php?rest_route=\/wp\/v2\/product\/445","targetHints":{"allow":["GET"]}}],"collection":[{"href":"https:\/\/macozag.com\/index.php?rest_route=\/wp\/v2\/product"}],"about":[{"href":"https:\/\/macozag.com\/index.php?rest_route=\/wp\/v2\/types\/product"}],"replies":[{"embeddable":true,"href":"https:\/\/macozag.com\/index.php?rest_route=%2Fwp%2Fv2%2Fcomments&post=445"}],"wp:featuredmedia":[{"embeddable":true,"href":"https:\/\/macozag.com\/index.php?rest_route=\/wp\/v2\/media\/475"}],"wp:attachment":[{"href":"https:\/\/macozag.com\/index.php?rest_route=%2Fwp%2Fv2%2Fmedia&parent=445"}],"wp:term":[{"taxonomy":"product_brand","embeddable":true,"href":"https:\/\/macozag.com\/index.php?rest_route=%2Fwp%2Fv2%2Fproduct_brand&post=445"},{"taxonomy":"product_cat","embeddable":true,"href":"https:\/\/macozag.com\/index.php?rest_route=%2Fwp%2Fv2%2Fproduct_cat&post=445"},{"taxonomy":"product_tag","embeddable":true,"href":"https:\/\/macozag.com\/index.php?rest_route=%2Fwp%2Fv2%2Fproduct_tag&post=445"}],"curies":[{"name":"wp","href":"https:\/\/api.w.org\/{rel}","templated":true}]}}