{"id":413,"date":"2025-03-02T18:51:35","date_gmt":"2025-03-02T18:51:35","guid":{"rendered":"http:\/\/macozag.com\/?post_type=product&#038;p=413"},"modified":"2025-03-02T18:51:54","modified_gmt":"2025-03-02T18:51:54","slug":"mh-486-5-m51n","status":"publish","type":"product","link":"https:\/\/macozag.com\/?product=mh-486-5-m51n","title":{"rendered":"MH-486-5-M51N"},"content":{"rendered":"<p>M\u00e1quina de 1 aguja cadeneta con 2 hilos cortah\u00edlos<br \/>Equipada con arrastre diferencial superior, guia de tejido para realizar fruncidos y panel de programacion.<\/p>\n<p>La maquina viene con un mecanismo de extension del hilo y protector de aguja ajustable<br \/>El mecanismo de sujeci\u00f3n del hilo, el mecanismo de liberaci\u00f3n de la tensi\u00f3n y el mecanismo de extracci\u00f3n del hilo de la aguja permiten que la m\u00e1quina deje el hilo con una longitud uniforme despu\u00e9s del corte del hilo, y evitan que el hilo de la aguja se desmenuzar<br \/>puntada de seguridad y puntada de retroceso<br \/>La puntada de seguridad (puntada de condensaci\u00f3n), el m\u00e9todo perfecto para evitar las puntadas sueltas, o la puntada de retroceso (back-tacking) pueden alternarse mediante el simple ajuste del tope de la palanca de retroceso. Se puede utilizar cualquiera de los dos m\u00e9todos de costura.<br \/>??.<br \/>La maquina es la mas adecuada para coser materiales elasticos<br \/>Mediante una palanca, se puede ajustar f\u00e1cilmente la relaci\u00f3n de avance diferencial para puntadas el\u00e1sticas o de fruncido.<br \/>Mecanismo de arrastre inferior y superior variable<br \/>se ha desarrollado un prensatelas, un arrastre y un mecanismo de extracci\u00f3n del hilo de alta precisi\u00f3n y f\u00e1cil de manejar. La m\u00e1quina se adapta de forma flexible a una amplia gama de materiales de peso ligero a pesado, a los cambios de proceso ya las especificaciones de costura, incluido el fruncido parcial.<br \/>Velocidad de costura m\u00e1x. 4500ppm<br \/>Longitud de puntada 1 &#8211; 5mm<br \/>Elevaci\u00f3n del prensatelas Manual: 5 mm Rodilla: 7 mm<\/p>\n","protected":false},"excerpt":{"rendered":"<p>M\u00e1quina de 1 aguja cadeneta con 2 hilos cortah\u00edlos Equipada con arrastre diferencial superior, guia de tejido para realizar fruncidos y panel de programacion.<\/p>\n","protected":false},"featured_media":440,"comment_status":"open","ping_status":"closed","template":"","meta":[],"product_brand":[],"product_cat":[55,52],"product_tag":[],"class_list":{"0":"post-413","1":"product","2":"type-product","3":"status-publish","4":"has-post-thumbnail","6":"product_cat-juki-cadeneta","7":"product_cat-cadeneta","9":"first","10":"instock","11":"taxable","12":"shipping-taxable","13":"product-type-simple"},"_links":{"self":[{"href":"https:\/\/macozag.com\/index.php?rest_route=\/wp\/v2\/product\/413","targetHints":{"allow":["GET"]}}],"collection":[{"href":"https:\/\/macozag.com\/index.php?rest_route=\/wp\/v2\/product"}],"about":[{"href":"https:\/\/macozag.com\/index.php?rest_route=\/wp\/v2\/types\/product"}],"replies":[{"embeddable":true,"href":"https:\/\/macozag.com\/index.php?rest_route=%2Fwp%2Fv2%2Fcomments&post=413"}],"wp:featuredmedia":[{"embeddable":true,"href":"https:\/\/macozag.com\/index.php?rest_route=\/wp\/v2\/media\/440"}],"wp:attachment":[{"href":"https:\/\/macozag.com\/index.php?rest_route=%2Fwp%2Fv2%2Fmedia&parent=413"}],"wp:term":[{"taxonomy":"product_brand","embeddable":true,"href":"https:\/\/macozag.com\/index.php?rest_route=%2Fwp%2Fv2%2Fproduct_brand&post=413"},{"taxonomy":"product_cat","embeddable":true,"href":"https:\/\/macozag.com\/index.php?rest_route=%2Fwp%2Fv2%2Fproduct_cat&post=413"},{"taxonomy":"product_tag","embeddable":true,"href":"https:\/\/macozag.com\/index.php?rest_route=%2Fwp%2Fv2%2Fproduct_tag&post=413"}],"curies":[{"name":"wp","href":"https:\/\/api.w.org\/{rel}","templated":true}]}}