{"id":411,"date":"2025-03-02T18:51:35","date_gmt":"2025-03-02T18:51:35","guid":{"rendered":"http:\/\/macozag.com\/?post_type=product&#038;p=411"},"modified":"2025-03-02T18:51:53","modified_gmt":"2025-03-02T18:51:53","slug":"ms-1261-afn-dws","status":"publish","type":"product","link":"https:\/\/macozag.com\/?product=ms-1261-afn-dws","title":{"rendered":"MS-1261-AFN-DWS"},"content":{"rendered":"<p>M\u00e1quina de brazo de 3 agujas para g\u00e9nero medio y grueso<br \/>Equipada con puller superior e inferior de cinta con sensor y ajuste autom\u00e1tico de la presi\u00f3n, seg\u00fan el grosor. Incorpora cortacadenetas por aspiraci\u00f3n, panel de programaci\u00f3n y motor Direct Drive.<\/p>\n<p>Funciones digitales para evitar que se salten o que se juntes las puntadas<br \/>Funci\u00f3n de control de la presi\u00f3n del prensatelas, que cuenta con el sensor de detecci\u00f3n de multicapas.<br \/>Gracias a la mejora del sitio de arrastre, se evita que la aguja se doble al disminuir la cantidad de arrastre<br \/>El hilo del \u00e1ncora se retiene de forma segura, permitiendo que el \u00e1ncora coja el hilo de la aguja adecuadamente.<br \/>Se ha mejorado la capacidad de trabajo y mantenimiento<br \/>La m\u00e1quina ha adoptado un cabezal de nuevo desarrollo, cuya forma es similar a la m\u00e1quina de uso general. Incorpora un motor Direct Drive de alta potencia.<br \/>Tirador digital de cinta<br \/>Evita que se salten o que se junten las puntadas, y est\u00e1 provisto de una superficie de rodillos suaves para los materiales y una fuerte fuerza de arrastre.<br \/>cortacadenetas??<br \/>Manual de luz LED<br \/>Se puede ajustar el brillo para que el operario pueda realizar el trabajo de costura con facilidad, mejorando as\u00ed la eficiencia del trabajo. El elevador autom\u00e1tico tambi\u00e9n se incluye en el equipamiento est\u00e1ndar.<br \/>Enfriador de la aguja<br \/>La aguja se calienta durante la costura a alta velocidad. El enfriador de la aguja sopla aire a la aguja durante la costura a alta velocidad para evitar que la aguja se caliente tanto que corte el hilo por su calor.<br \/>Velocidad de costura m\u00e1x. 5500ppm<br \/>Longitud de puntada 1,4 &#8211; 4,2mm<br \/>Elevaci\u00f3n del prensatelas 10mm<\/p>\n","protected":false},"excerpt":{"rendered":"<p>M\u00e1quina de brazo de 3 agujas para g\u00e9nero medio y grueso Equipada con puller superior e inferior de cinta con sensor y ajuste autom\u00e1tico de la presi\u00f3n, seg\u00fan el grosor. Incorpora cortacadenetas por aspiraci\u00f3n, panel de programaci\u00f3n y motor Direct Drive.<\/p>\n","protected":false},"featured_media":438,"comment_status":"open","ping_status":"closed","template":"","meta":[],"product_brand":[],"product_cat":[55,52],"product_tag":[],"class_list":{"0":"post-411","1":"product","2":"type-product","3":"status-publish","4":"has-post-thumbnail","6":"product_cat-juki-cadeneta","7":"product_cat-cadeneta","9":"first","10":"instock","11":"taxable","12":"shipping-taxable","13":"product-type-simple"},"_links":{"self":[{"href":"https:\/\/macozag.com\/index.php?rest_route=\/wp\/v2\/product\/411","targetHints":{"allow":["GET"]}}],"collection":[{"href":"https:\/\/macozag.com\/index.php?rest_route=\/wp\/v2\/product"}],"about":[{"href":"https:\/\/macozag.com\/index.php?rest_route=\/wp\/v2\/types\/product"}],"replies":[{"embeddable":true,"href":"https:\/\/macozag.com\/index.php?rest_route=%2Fwp%2Fv2%2Fcomments&post=411"}],"wp:featuredmedia":[{"embeddable":true,"href":"https:\/\/macozag.com\/index.php?rest_route=\/wp\/v2\/media\/438"}],"wp:attachment":[{"href":"https:\/\/macozag.com\/index.php?rest_route=%2Fwp%2Fv2%2Fmedia&parent=411"}],"wp:term":[{"taxonomy":"product_brand","embeddable":true,"href":"https:\/\/macozag.com\/index.php?rest_route=%2Fwp%2Fv2%2Fproduct_brand&post=411"},{"taxonomy":"product_cat","embeddable":true,"href":"https:\/\/macozag.com\/index.php?rest_route=%2Fwp%2Fv2%2Fproduct_cat&post=411"},{"taxonomy":"product_tag","embeddable":true,"href":"https:\/\/macozag.com\/index.php?rest_route=%2Fwp%2Fv2%2Fproduct_tag&post=411"}],"curies":[{"name":"wp","href":"https:\/\/api.w.org\/{rel}","templated":true}]}}