{"id":409,"date":"2025-03-02T18:51:35","date_gmt":"2025-03-02T18:51:35","guid":{"rendered":"http:\/\/macozag.com\/?post_type=product&#038;p=409"},"modified":"2025-03-02T18:51:52","modified_gmt":"2025-03-02T18:51:52","slug":"mt-4504pmd","status":"publish","type":"product","link":"https:\/\/macozag.com\/?product=mt-4504pmd","title":{"rendered":"MT-4504PMD"},"content":{"rendered":"<p>M\u00e1quina de 4 agujas doble cadeneta de base cil\u00edndrica equipada con puller trasero de arrastre y alimentador delantero de el\u00e1stico.<\/p>\n","protected":false},"excerpt":{"rendered":"<p>M\u00e1quina de 4 agujas doble cadeneta de base cil\u00edndrica equipada con puller trasero de arrastre y alimentador delantero de el\u00e1stico.<\/p>\n","protected":false},"featured_media":436,"comment_status":"open","ping_status":"closed","template":"","meta":[],"product_brand":[],"product_cat":[54,52],"product_tag":[],"class_list":{"0":"post-409","1":"product","2":"type-product","3":"status-publish","4":"has-post-thumbnail","6":"product_cat-kingtex-cadeneta","7":"product_cat-cadeneta","9":"first","10":"instock","11":"taxable","12":"shipping-taxable","13":"product-type-simple"},"_links":{"self":[{"href":"https:\/\/macozag.com\/index.php?rest_route=\/wp\/v2\/product\/409","targetHints":{"allow":["GET"]}}],"collection":[{"href":"https:\/\/macozag.com\/index.php?rest_route=\/wp\/v2\/product"}],"about":[{"href":"https:\/\/macozag.com\/index.php?rest_route=\/wp\/v2\/types\/product"}],"replies":[{"embeddable":true,"href":"https:\/\/macozag.com\/index.php?rest_route=%2Fwp%2Fv2%2Fcomments&post=409"}],"wp:featuredmedia":[{"embeddable":true,"href":"https:\/\/macozag.com\/index.php?rest_route=\/wp\/v2\/media\/436"}],"wp:attachment":[{"href":"https:\/\/macozag.com\/index.php?rest_route=%2Fwp%2Fv2%2Fmedia&parent=409"}],"wp:term":[{"taxonomy":"product_brand","embeddable":true,"href":"https:\/\/macozag.com\/index.php?rest_route=%2Fwp%2Fv2%2Fproduct_brand&post=409"},{"taxonomy":"product_cat","embeddable":true,"href":"https:\/\/macozag.com\/index.php?rest_route=%2Fwp%2Fv2%2Fproduct_cat&post=409"},{"taxonomy":"product_tag","embeddable":true,"href":"https:\/\/macozag.com\/index.php?rest_route=%2Fwp%2Fv2%2Fproduct_tag&post=409"}],"curies":[{"name":"wp","href":"https:\/\/api.w.org\/{rel}","templated":true}]}}