{"id":407,"date":"2025-03-02T18:51:34","date_gmt":"2025-03-02T18:51:34","guid":{"rendered":"http:\/\/macozag.com\/?post_type=product&#038;p=407"},"modified":"2025-03-02T18:51:49","modified_gmt":"2025-03-02T18:51:49","slug":"mtd-4504p-064-ut04a-al004","status":"publish","type":"product","link":"https:\/\/macozag.com\/?product=mtd-4504p-064-ut04a-al004","title":{"rendered":"MTD-4504P-064\/UT04A\/AL004"},"content":{"rendered":"<p>M\u00e1quina de base cil\u00edndrica de 4 agujas de doble cadeneta equipada con puller trasero de arrastre, cortahilos y alzaprensatelas autom\u00e1ticos. Incluye mini motor servo Ho Hsing incorporado en el cabezal.<\/p>\n","protected":false},"excerpt":{"rendered":"<p>M\u00e1quina de base cil\u00edndrica de 4 agujas de doble cadeneta equipada con puller trasero de arrastre, cortahilos y alzaprensatelas autom\u00e1ticos. Incluye mini motor servo Ho Hsing incorporado en el cabezal.<\/p>\n","protected":false},"featured_media":0,"comment_status":"open","ping_status":"closed","template":"","meta":[],"product_brand":[],"product_cat":[54,52],"product_tag":[],"class_list":{"0":"post-407","1":"product","2":"type-product","3":"status-publish","5":"product_cat-kingtex-cadeneta","6":"product_cat-cadeneta","8":"first","9":"instock","10":"taxable","11":"shipping-taxable","12":"product-type-simple"},"_links":{"self":[{"href":"https:\/\/macozag.com\/index.php?rest_route=\/wp\/v2\/product\/407","targetHints":{"allow":["GET"]}}],"collection":[{"href":"https:\/\/macozag.com\/index.php?rest_route=\/wp\/v2\/product"}],"about":[{"href":"https:\/\/macozag.com\/index.php?rest_route=\/wp\/v2\/types\/product"}],"replies":[{"embeddable":true,"href":"https:\/\/macozag.com\/index.php?rest_route=%2Fwp%2Fv2%2Fcomments&post=407"}],"wp:attachment":[{"href":"https:\/\/macozag.com\/index.php?rest_route=%2Fwp%2Fv2%2Fmedia&parent=407"}],"wp:term":[{"taxonomy":"product_brand","embeddable":true,"href":"https:\/\/macozag.com\/index.php?rest_route=%2Fwp%2Fv2%2Fproduct_brand&post=407"},{"taxonomy":"product_cat","embeddable":true,"href":"https:\/\/macozag.com\/index.php?rest_route=%2Fwp%2Fv2%2Fproduct_cat&post=407"},{"taxonomy":"product_tag","embeddable":true,"href":"https:\/\/macozag.com\/index.php?rest_route=%2Fwp%2Fv2%2Fproduct_tag&post=407"}],"curies":[{"name":"wp","href":"https:\/\/api.w.org\/{rel}","templated":true}]}}