{"id":401,"date":"2025-03-02T18:51:33","date_gmt":"2025-03-02T18:51:33","guid":{"rendered":"http:\/\/macozag.com\/?post_type=product&#038;p=401"},"modified":"2025-03-02T18:51:45","modified_gmt":"2025-03-02T18:51:45","slug":"lk-1903bs-s311-br35sgs","status":"publish","type":"product","link":"https:\/\/macozag.com\/?product=lk-1903bs-s311-br35sgs","title":{"rendered":"LK-1903BS-S311-BR35SGS"},"content":{"rendered":"<p>M\u00e1quina de botones electr\u00f3nica con canilla y torva<br \/>Equipada con torsi\u00f3n de botones, con f\u00e1cil cambio de bot\u00f3n, con posibilidad de coser botones en forma de X, L, Z, U y con funci\u00f3n NFC.<\/p>\n","protected":false},"excerpt":{"rendered":"<p>M\u00e1quina de botones electr\u00f3nica con canilla y torva Equipada con torsi\u00f3n de botones, con f\u00e1cil cambio de bot\u00f3n, con posibilidad de coser botones en forma de X, L, Z, U y con funci\u00f3n NFC.<\/p>\n","protected":false},"featured_media":429,"comment_status":"open","ping_status":"closed","template":"","meta":[],"product_brand":[],"product_cat":[51,49],"product_tag":[],"class_list":{"0":"post-401","1":"product","2":"type-product","3":"status-publish","4":"has-post-thumbnail","6":"product_cat-juki-botones","7":"product_cat-botones","9":"first","10":"instock","11":"taxable","12":"shipping-taxable","13":"product-type-simple"},"_links":{"self":[{"href":"https:\/\/macozag.com\/index.php?rest_route=\/wp\/v2\/product\/401","targetHints":{"allow":["GET"]}}],"collection":[{"href":"https:\/\/macozag.com\/index.php?rest_route=\/wp\/v2\/product"}],"about":[{"href":"https:\/\/macozag.com\/index.php?rest_route=\/wp\/v2\/types\/product"}],"replies":[{"embeddable":true,"href":"https:\/\/macozag.com\/index.php?rest_route=%2Fwp%2Fv2%2Fcomments&post=401"}],"wp:featuredmedia":[{"embeddable":true,"href":"https:\/\/macozag.com\/index.php?rest_route=\/wp\/v2\/media\/429"}],"wp:attachment":[{"href":"https:\/\/macozag.com\/index.php?rest_route=%2Fwp%2Fv2%2Fmedia&parent=401"}],"wp:term":[{"taxonomy":"product_brand","embeddable":true,"href":"https:\/\/macozag.com\/index.php?rest_route=%2Fwp%2Fv2%2Fproduct_brand&post=401"},{"taxonomy":"product_cat","embeddable":true,"href":"https:\/\/macozag.com\/index.php?rest_route=%2Fwp%2Fv2%2Fproduct_cat&post=401"},{"taxonomy":"product_tag","embeddable":true,"href":"https:\/\/macozag.com\/index.php?rest_route=%2Fwp%2Fv2%2Fproduct_tag&post=401"}],"curies":[{"name":"wp","href":"https:\/\/api.w.org\/{rel}","templated":true}]}}