{"id":399,"date":"2025-03-02T18:51:32","date_gmt":"2025-03-02T18:51:32","guid":{"rendered":"http:\/\/macozag.com\/?post_type=product&#038;p=399"},"modified":"2025-03-02T18:51:44","modified_gmt":"2025-03-02T18:51:44","slug":"mb-1800b","status":"publish","type":"product","link":"https:\/\/macozag.com\/?product=mb-1800b","title":{"rendered":"MB-1800B"},"content":{"rendered":"<p>M\u00e1quina de botones electr\u00f3nica<br \/>Equipada con sistema de nudo final, y con posibilidad de coser botones en forma de X, L, Z, U, y alterar el n\u00ba de puntadas.<br \/>La maquina dispone de 55 patrones de costura diferentes de serie<br \/>Adem\u00e1s, los intervalos de los ojales y el n\u00famero de puntadas tambi\u00e9n se pueden cambiar en el panel de control.<br \/>Funcion de prevencion de deshilachado del hilo<br \/>Las puntadas terminadas no se deshilachan. Se puede desactivar esta funci\u00f3n con el solenoide.<br \/>Excelente capacidad de mantenimiento y operatividad<br \/>Gracias a la eliminaci\u00f3n de las estructuras mec\u00e1nicas, como el mecanismo de parada y la leva de arrastre, la m\u00e1quina funciona con menos vibraciones y ruido y requiere menos mantenimiento.<br \/>La m\u00e1quina responde a muchas especificaciones de costura para botones diferentes<br \/>Velocidad de costura m\u00e1x. 1800ppm<br \/>Elevaci\u00f3n del prensatelas 14mm<\/p>\n","protected":false},"excerpt":{"rendered":"<p>M\u00e1quina de botones electr\u00f3nica Equipada con sistema de nudo final, y con posibilidad de coser botones en forma de X, L, Z, U, y alterar el n\u00ba de puntadas.<\/p>\n","protected":false},"featured_media":427,"comment_status":"open","ping_status":"closed","template":"","meta":[],"product_brand":[],"product_cat":[51,49],"product_tag":[],"class_list":{"0":"post-399","1":"product","2":"type-product","3":"status-publish","4":"has-post-thumbnail","6":"product_cat-juki-botones","7":"product_cat-botones","9":"first","10":"instock","11":"taxable","12":"shipping-taxable","13":"product-type-simple"},"_links":{"self":[{"href":"https:\/\/macozag.com\/index.php?rest_route=\/wp\/v2\/product\/399","targetHints":{"allow":["GET"]}}],"collection":[{"href":"https:\/\/macozag.com\/index.php?rest_route=\/wp\/v2\/product"}],"about":[{"href":"https:\/\/macozag.com\/index.php?rest_route=\/wp\/v2\/types\/product"}],"replies":[{"embeddable":true,"href":"https:\/\/macozag.com\/index.php?rest_route=%2Fwp%2Fv2%2Fcomments&post=399"}],"wp:featuredmedia":[{"embeddable":true,"href":"https:\/\/macozag.com\/index.php?rest_route=\/wp\/v2\/media\/427"}],"wp:attachment":[{"href":"https:\/\/macozag.com\/index.php?rest_route=%2Fwp%2Fv2%2Fmedia&parent=399"}],"wp:term":[{"taxonomy":"product_brand","embeddable":true,"href":"https:\/\/macozag.com\/index.php?rest_route=%2Fwp%2Fv2%2Fproduct_brand&post=399"},{"taxonomy":"product_cat","embeddable":true,"href":"https:\/\/macozag.com\/index.php?rest_route=%2Fwp%2Fv2%2Fproduct_cat&post=399"},{"taxonomy":"product_tag","embeddable":true,"href":"https:\/\/macozag.com\/index.php?rest_route=%2Fwp%2Fv2%2Fproduct_tag&post=399"}],"curies":[{"name":"wp","href":"https:\/\/api.w.org\/{rel}","templated":true}]}}