{"id":390,"date":"2025-03-02T18:51:31","date_gmt":"2025-03-02T18:51:31","guid":{"rendered":"http:\/\/macozag.com\/?post_type=product&#038;p=390"},"modified":"2025-03-02T18:51:38","modified_gmt":"2025-03-02T18:51:38","slug":"ams-210ensl-1510","status":"publish","type":"product","link":"https:\/\/macozag.com\/?product=ams-210ensl-1510","title":{"rendered":"AMS-210ENSL-1510"},"content":{"rendered":"<p>M\u00e1quina de costura programable 150 x 100 mm para g\u00e9nero fino y medio<br \/>Equipada con un bastidor partido, panel para programar dise\u00f1os y cargar dise\u00f1os a trav\u00e9s de USB.<\/p>\n","protected":false},"excerpt":{"rendered":"<p>M\u00e1quina de costura programable 150 x 100 mm para g\u00e9nero fino y medio Equipada con un bastidor partido, panel para programar dise\u00f1os y cargar dise\u00f1os a trav\u00e9s de USB. <\/p>\n","protected":false},"featured_media":418,"comment_status":"open","ping_status":"closed","template":"","meta":[],"product_brand":[],"product_cat":[45],"product_tag":[],"class_list":{"0":"post-390","1":"product","2":"type-product","3":"status-publish","4":"has-post-thumbnail","6":"product_cat-costura-programada","8":"first","9":"instock","10":"taxable","11":"shipping-taxable","12":"product-type-simple"},"_links":{"self":[{"href":"https:\/\/macozag.com\/index.php?rest_route=\/wp\/v2\/product\/390","targetHints":{"allow":["GET"]}}],"collection":[{"href":"https:\/\/macozag.com\/index.php?rest_route=\/wp\/v2\/product"}],"about":[{"href":"https:\/\/macozag.com\/index.php?rest_route=\/wp\/v2\/types\/product"}],"replies":[{"embeddable":true,"href":"https:\/\/macozag.com\/index.php?rest_route=%2Fwp%2Fv2%2Fcomments&post=390"}],"wp:featuredmedia":[{"embeddable":true,"href":"https:\/\/macozag.com\/index.php?rest_route=\/wp\/v2\/media\/418"}],"wp:attachment":[{"href":"https:\/\/macozag.com\/index.php?rest_route=%2Fwp%2Fv2%2Fmedia&parent=390"}],"wp:term":[{"taxonomy":"product_brand","embeddable":true,"href":"https:\/\/macozag.com\/index.php?rest_route=%2Fwp%2Fv2%2Fproduct_brand&post=390"},{"taxonomy":"product_cat","embeddable":true,"href":"https:\/\/macozag.com\/index.php?rest_route=%2Fwp%2Fv2%2Fproduct_cat&post=390"},{"taxonomy":"product_tag","embeddable":true,"href":"https:\/\/macozag.com\/index.php?rest_route=%2Fwp%2Fv2%2Fproduct_tag&post=390"}],"curies":[{"name":"wp","href":"https:\/\/api.w.org\/{rel}","templated":true}]}}