{"id":349,"date":"2025-03-02T18:51:10","date_gmt":"2025-03-02T18:51:10","guid":{"rendered":"http:\/\/macozag.com\/?post_type=product&#038;p=349"},"modified":"2025-03-02T18:51:23","modified_gmt":"2025-03-02T18:51:23","slug":"ms-100a-95syxf-iot","status":"publish","type":"product","link":"https:\/\/macozag.com\/?product=ms-100a-95syxf-iot","title":{"rendered":"MS-100A-95SYXF-IoT"},"content":{"rendered":"<p>M\u00e1quina de costura programable 1400 x 950 mm con sistema IoT<br \/>Equipada con canilla doble.<\/p>\n<p>dise\u00f1o industrial aleman<br \/>El cabezal de la m\u00e1quina hereda el dise\u00f1o de las otras m\u00e1quinas de Jack, con un estilo industrial alem\u00e1n, excelente mano de obra, atenci\u00f3n al detalle, sencillo, atmosf\u00e9rico.<br \/>Funcion de tension electronica posterior<br \/>Mejora el corte de hilo haci\u00e9ndolo m\u00e1s estable, evitando los problemas de rotura de hilo.<br \/>mesa plegable<br \/>F\u00e1cil de montar y trasladar.<br \/>Zona de trabajo s\u00faper amplia<br \/>1400 x 950 mm<br \/>Alta precision de reconocimiento<br \/>El m\u00f3dulo\/lector RFID es muy reconocido y su rango de precisi\u00f3n supera al de los c\u00f3digos de reconocimiento unidimensional habituales en el mercado.<br \/>Arrastre preciso y estable<br \/>Sistema de movimiento de bastidor de alta precisi\u00f3n a trav\u00e9s de la rotaci\u00f3n por tornillo de los ejes X e Y.<br \/>Detecci\u00f3n de hilo inferior<br \/>Controla la cantidad de hilo de la canilla inferior, y avisa cuando queda poco. La maquina corta el hilo y se para automaticamente.<br \/>modelos Agujas hilos Altura prensatelas central (mm) Velocidad (ppm)<br \/>MS-100A-95SYXF 1 2 15 3000<\/p>\n","protected":false},"excerpt":{"rendered":"<p>M\u00e1quina de costura programable 1400 x 950 mm con sistema IoT Equipada con canilla doble. <\/p>\n","protected":false},"featured_media":378,"comment_status":"open","ping_status":"closed","template":"","meta":[],"product_brand":[],"product_cat":[47,45],"product_tag":[],"class_list":{"0":"post-349","1":"product","2":"type-product","3":"status-publish","4":"has-post-thumbnail","6":"product_cat-jack-costura-programada","7":"product_cat-costura-programada","9":"first","10":"instock","11":"taxable","12":"shipping-taxable","13":"product-type-simple"},"_links":{"self":[{"href":"https:\/\/macozag.com\/index.php?rest_route=\/wp\/v2\/product\/349","targetHints":{"allow":["GET"]}}],"collection":[{"href":"https:\/\/macozag.com\/index.php?rest_route=\/wp\/v2\/product"}],"about":[{"href":"https:\/\/macozag.com\/index.php?rest_route=\/wp\/v2\/types\/product"}],"replies":[{"embeddable":true,"href":"https:\/\/macozag.com\/index.php?rest_route=%2Fwp%2Fv2%2Fcomments&post=349"}],"wp:featuredmedia":[{"embeddable":true,"href":"https:\/\/macozag.com\/index.php?rest_route=\/wp\/v2\/media\/378"}],"wp:attachment":[{"href":"https:\/\/macozag.com\/index.php?rest_route=%2Fwp%2Fv2%2Fmedia&parent=349"}],"wp:term":[{"taxonomy":"product_brand","embeddable":true,"href":"https:\/\/macozag.com\/index.php?rest_route=%2Fwp%2Fv2%2Fproduct_brand&post=349"},{"taxonomy":"product_cat","embeddable":true,"href":"https:\/\/macozag.com\/index.php?rest_route=%2Fwp%2Fv2%2Fproduct_cat&post=349"},{"taxonomy":"product_tag","embeddable":true,"href":"https:\/\/macozag.com\/index.php?rest_route=%2Fwp%2Fv2%2Fproduct_tag&post=349"}],"curies":[{"name":"wp","href":"https:\/\/api.w.org\/{rel}","templated":true}]}}