{"id":339,"date":"2025-03-02T18:51:08","date_gmt":"2025-03-02T18:51:08","guid":{"rendered":"http:\/\/macozag.com\/?post_type=product&#038;p=339"},"modified":"2025-03-02T18:51:18","modified_gmt":"2025-03-02T18:51:18","slug":"bas-341h","status":"publish","type":"product","link":"https:\/\/macozag.com\/?product=bas-341h","title":{"rendered":"BAS-341H"},"content":{"rendered":"<p>M\u00e1quina de \u00e1rea programable conmotor Direct Drive incorporado<br \/>Brazo cil\u00edndrico y motor neum\u00e1tico del clamp<br \/>\u00c1rea m\u00e1xima de costura 250\u00d7160 mm<br \/>Velocidad m\u00e1xima de costura 2.800ppm<br \/>M\u00e1ximo largo de puntada 12,7mm<br \/>N\u00famero de puntadas m\u00e1ximas por dise\u00f1o 20.000<br \/>Incorpora programador para la edici\u00f3n de dise\u00f1os y patrones<br \/>Con pantalla t\u00e1ctil LCD<br \/>La m\u00e1quina se entrega con patas y tablero instalados<\/p>\n","protected":false},"excerpt":{"rendered":"<p>M\u00e1quina de \u00e1rea programable conmotor Direct Drive incorporado Brazo cil\u00edndrico y motor neum\u00e1tico del clamp<\/p>\n","protected":false},"featured_media":369,"comment_status":"open","ping_status":"closed","template":"","meta":[],"product_brand":[],"product_cat":[46,45],"product_tag":[],"class_list":{"0":"post-339","1":"product","2":"type-product","3":"status-publish","4":"has-post-thumbnail","6":"product_cat-brother","7":"product_cat-costura-programada","9":"first","10":"instock","11":"taxable","12":"shipping-taxable","13":"product-type-simple"},"_links":{"self":[{"href":"https:\/\/macozag.com\/index.php?rest_route=\/wp\/v2\/product\/339","targetHints":{"allow":["GET"]}}],"collection":[{"href":"https:\/\/macozag.com\/index.php?rest_route=\/wp\/v2\/product"}],"about":[{"href":"https:\/\/macozag.com\/index.php?rest_route=\/wp\/v2\/types\/product"}],"replies":[{"embeddable":true,"href":"https:\/\/macozag.com\/index.php?rest_route=%2Fwp%2Fv2%2Fcomments&post=339"}],"wp:featuredmedia":[{"embeddable":true,"href":"https:\/\/macozag.com\/index.php?rest_route=\/wp\/v2\/media\/369"}],"wp:attachment":[{"href":"https:\/\/macozag.com\/index.php?rest_route=%2Fwp%2Fv2%2Fmedia&parent=339"}],"wp:term":[{"taxonomy":"product_brand","embeddable":true,"href":"https:\/\/macozag.com\/index.php?rest_route=%2Fwp%2Fv2%2Fproduct_brand&post=339"},{"taxonomy":"product_cat","embeddable":true,"href":"https:\/\/macozag.com\/index.php?rest_route=%2Fwp%2Fv2%2Fproduct_cat&post=339"},{"taxonomy":"product_tag","embeddable":true,"href":"https:\/\/macozag.com\/index.php?rest_route=%2Fwp%2Fv2%2Fproduct_tag&post=339"}],"curies":[{"name":"wp","href":"https:\/\/api.w.org\/{rel}","templated":true}]}}