{"id":335,"date":"2025-03-02T18:51:07","date_gmt":"2025-03-02T18:51:07","guid":{"rendered":"http:\/\/macozag.com\/?post_type=product&#038;p=335"},"modified":"2025-03-02T18:51:16","modified_gmt":"2025-03-02T18:51:16","slug":"sewing-head-100","status":"publish","type":"product","link":"https:\/\/macozag.com\/?product=sewing-head-100","title":{"rendered":"Sewing Head 100"},"content":{"rendered":"<p>Construido con la artesan\u00eda Fischbein de fama mundial, el Sewing Head 100 est\u00e1 construido con componentes de metal de alta resistencia para una durabilidad inigualable en la que puede confiar en los pr\u00f3ximos a\u00f1os. Incluso en los entornos de trabajo m\u00e1s exigentes, el sistema de autolubricaci\u00f3n presurizado de Fischbein protege las piezas m\u00f3viles y garantiza la m\u00e1xima productividad con poco mantenimiento.<br \/>El cabezal de costura 100 es un cabezal de costura de \u00abbaja vibraci\u00f3n\u00bb que se utiliza para coser con cinta y \/ o coser con cinta adhesiva bolsas de boca abierta, incluidos papel, polietileno (m\u00ednimo 120 micrones), polipropileno tejido revestido y bolsas complejas. El cabezal de costura debe ser montado en una columna o marco apropiado (ver \u00abSistemas de costura\u00bb Fischbein \u00ab\u00bb).<br \/>El cabezal de costura 100 funciona con una velocidad de costura f\u00e1cilmente ajustable de 8 a 23,8 m \/ min.<br \/>Ventaja (s)<br \/>Autolubricaci\u00f3n de piezas m\u00f3viles<br \/>Fiabilidad excepcional<br \/>Baja vibraci\u00f3n<br \/>F\u00e1cil funcionamiento<\/p>\n","protected":false},"excerpt":{"rendered":"<p>El Sewing Head 100 est\u00e1 construido con componentes de metal de alta resistencia para una durabilidad inigualable en la que puede confiar en los pr\u00f3ximos a\u00f1os<\/p>\n","protected":false},"featured_media":365,"comment_status":"open","ping_status":"closed","template":"","meta":[],"product_brand":[],"product_cat":[44,20],"product_tag":[],"class_list":{"0":"post-335","1":"product","2":"type-product","3":"status-publish","4":"has-post-thumbnail","6":"product_cat-fischbein","7":"product_cat-cerrar-sacos","9":"first","10":"instock","11":"taxable","12":"shipping-taxable","13":"product-type-simple"},"_links":{"self":[{"href":"https:\/\/macozag.com\/index.php?rest_route=\/wp\/v2\/product\/335","targetHints":{"allow":["GET"]}}],"collection":[{"href":"https:\/\/macozag.com\/index.php?rest_route=\/wp\/v2\/product"}],"about":[{"href":"https:\/\/macozag.com\/index.php?rest_route=\/wp\/v2\/types\/product"}],"replies":[{"embeddable":true,"href":"https:\/\/macozag.com\/index.php?rest_route=%2Fwp%2Fv2%2Fcomments&post=335"}],"wp:featuredmedia":[{"embeddable":true,"href":"https:\/\/macozag.com\/index.php?rest_route=\/wp\/v2\/media\/365"}],"wp:attachment":[{"href":"https:\/\/macozag.com\/index.php?rest_route=%2Fwp%2Fv2%2Fmedia&parent=335"}],"wp:term":[{"taxonomy":"product_brand","embeddable":true,"href":"https:\/\/macozag.com\/index.php?rest_route=%2Fwp%2Fv2%2Fproduct_brand&post=335"},{"taxonomy":"product_cat","embeddable":true,"href":"https:\/\/macozag.com\/index.php?rest_route=%2Fwp%2Fv2%2Fproduct_cat&post=335"},{"taxonomy":"product_tag","embeddable":true,"href":"https:\/\/macozag.com\/index.php?rest_route=%2Fwp%2Fv2%2Fproduct_tag&post=335"}],"curies":[{"name":"wp","href":"https:\/\/api.w.org\/{rel}","templated":true}]}}