{"id":331,"date":"2025-03-02T18:51:06","date_gmt":"2025-03-02T18:51:06","guid":{"rendered":"http:\/\/macozag.com\/?post_type=product&#038;p=331"},"modified":"2025-03-02T18:51:13","modified_gmt":"2025-03-02T18:51:13","slug":"jp-1510n-7","status":"publish","type":"product","link":"https:\/\/macozag.com\/?product=jp-1510n-7","title":{"rendered":"JP-1510N-7"},"content":{"rendered":"<p>M\u00e1quina de 1 aguja triple arrastre cortah\u00edlos<br \/>Equipada con panel de programaci\u00f3n, garfio vertical de gran capacidad (2.0), DL (bot\u00f3n salto de prensatelas, bot\u00f3n de atacado, bot\u00f3n de anulaci\u00f3n de atacado, bot\u00f3n de posici\u00f3n de la aguja), dial de salto de puntada y alzaprensatelas neum\u00e1ticos. Longitud de puntada de 9 mm.<\/p>\n","protected":false},"excerpt":{"rendered":"<p>M\u00e1quina de 1 aguja triple arrastre cortah\u00edlos<\/p>\n","protected":false},"featured_media":361,"comment_status":"open","ping_status":"closed","template":"","meta":[],"product_brand":[],"product_cat":[43,39],"product_tag":[],"class_list":{"0":"post-331","1":"product","2":"type-product","3":"status-publish","4":"has-post-thumbnail","6":"product_cat-marsew","7":"product_cat-triple-arrastre","9":"first","10":"instock","11":"taxable","12":"shipping-taxable","13":"product-type-simple"},"_links":{"self":[{"href":"https:\/\/macozag.com\/index.php?rest_route=\/wp\/v2\/product\/331","targetHints":{"allow":["GET"]}}],"collection":[{"href":"https:\/\/macozag.com\/index.php?rest_route=\/wp\/v2\/product"}],"about":[{"href":"https:\/\/macozag.com\/index.php?rest_route=\/wp\/v2\/types\/product"}],"replies":[{"embeddable":true,"href":"https:\/\/macozag.com\/index.php?rest_route=%2Fwp%2Fv2%2Fcomments&post=331"}],"wp:featuredmedia":[{"embeddable":true,"href":"https:\/\/macozag.com\/index.php?rest_route=\/wp\/v2\/media\/361"}],"wp:attachment":[{"href":"https:\/\/macozag.com\/index.php?rest_route=%2Fwp%2Fv2%2Fmedia&parent=331"}],"wp:term":[{"taxonomy":"product_brand","embeddable":true,"href":"https:\/\/macozag.com\/index.php?rest_route=%2Fwp%2Fv2%2Fproduct_brand&post=331"},{"taxonomy":"product_cat","embeddable":true,"href":"https:\/\/macozag.com\/index.php?rest_route=%2Fwp%2Fv2%2Fproduct_cat&post=331"},{"taxonomy":"product_tag","embeddable":true,"href":"https:\/\/macozag.com\/index.php?rest_route=%2Fwp%2Fv2%2Fproduct_tag&post=331"}],"curies":[{"name":"wp","href":"https:\/\/api.w.org\/{rel}","templated":true}]}}