{"id":295,"date":"2025-03-02T18:50:44","date_gmt":"2025-03-02T18:50:44","guid":{"rendered":"http:\/\/macozag.com\/?post_type=product&#038;p=295"},"modified":"2025-03-02T18:51:02","modified_gmt":"2025-03-02T18:51:02","slug":"jk-2060ghc-4q","status":"publish","type":"product","link":"https:\/\/macozag.com\/?product=jk-2060ghc-4q","title":{"rendered":"JK-2060GHC-4Q"},"content":{"rendered":"<p>M\u00e1quina de pespunte triple arrastre puente semi-largo<br \/>M\u00e1quina de pesapunte triple arrastre, cortah\u00edlos, alzaprensatelas, luz LED integrada y motor Direct Drive.<\/p>\n<p>arrastre triple<br \/>Un grosor de 8 capas de cuero<br \/>gran espacio de trabajo<br \/>Regulaci\u00f3n de movimiento de prensatelas<br \/>modelos Agujas hilos Longitud de puntada (mm) Altura prensatelas (mm) Velocidad (ppm) Cortah\u00edlos tejido fino medio tejido tejido grueso<br \/>JK-2060GHC-4Q 1 2 2,5 &#8211; 5,5 8 &#8211; 16 2200 X<\/p>\n","protected":false},"excerpt":{"rendered":"<p>M\u00e1quina de pespunte triple arrastre puente semi-largo M\u00e1quina de pesapunte triple arrastre, cortah\u00edlos, alzaprensatelas, luz LED integrada y motor Direct Drive.<\/p>\n","protected":false},"featured_media":325,"comment_status":"open","ping_status":"closed","template":"","meta":[],"product_brand":[],"product_cat":[42,39],"product_tag":[],"class_list":{"0":"post-295","1":"product","2":"type-product","3":"status-publish","4":"has-post-thumbnail","6":"product_cat-jack-triple-arrastre","7":"product_cat-triple-arrastre","9":"first","10":"instock","11":"taxable","12":"shipping-taxable","13":"product-type-simple"},"_links":{"self":[{"href":"https:\/\/macozag.com\/index.php?rest_route=\/wp\/v2\/product\/295","targetHints":{"allow":["GET"]}}],"collection":[{"href":"https:\/\/macozag.com\/index.php?rest_route=\/wp\/v2\/product"}],"about":[{"href":"https:\/\/macozag.com\/index.php?rest_route=\/wp\/v2\/types\/product"}],"replies":[{"embeddable":true,"href":"https:\/\/macozag.com\/index.php?rest_route=%2Fwp%2Fv2%2Fcomments&post=295"}],"wp:featuredmedia":[{"embeddable":true,"href":"https:\/\/macozag.com\/index.php?rest_route=\/wp\/v2\/media\/325"}],"wp:attachment":[{"href":"https:\/\/macozag.com\/index.php?rest_route=%2Fwp%2Fv2%2Fmedia&parent=295"}],"wp:term":[{"taxonomy":"product_brand","embeddable":true,"href":"https:\/\/macozag.com\/index.php?rest_route=%2Fwp%2Fv2%2Fproduct_brand&post=295"},{"taxonomy":"product_cat","embeddable":true,"href":"https:\/\/macozag.com\/index.php?rest_route=%2Fwp%2Fv2%2Fproduct_cat&post=295"},{"taxonomy":"product_tag","embeddable":true,"href":"https:\/\/macozag.com\/index.php?rest_route=%2Fwp%2Fv2%2Fproduct_tag&post=295"}],"curies":[{"name":"wp","href":"https:\/\/api.w.org\/{rel}","templated":true}]}}