{"id":292,"date":"2025-03-02T18:50:44","date_gmt":"2025-03-02T18:50:44","guid":{"rendered":"http:\/\/macozag.com\/?post_type=product&#038;p=292"},"modified":"2025-03-02T18:51:01","modified_gmt":"2025-03-02T18:51:01","slug":"lh-3578agf","status":"publish","type":"product","link":"https:\/\/macozag.com\/?product=lh-3578agf","title":{"rendered":"LH-3578AGF"},"content":{"rendered":"<p>M\u00e1quina de pespunte 2 agujas fijas para g\u00e9nero grueso y tejano<br \/>M\u00e1quina de doble arrastre, con garfio de gran capacidad y cabezal semi-seco.<\/p>\n<p>Se han desarrollado dos tipos diferentes de controladores de tensi\u00f3n del hilo.<br \/>Dos mecanismos diferentes seg\u00fan el tipo de m\u00e1quina de coser: para los tipos A y F, se promete una calidad de costura sin fruncidos ni puntadas irregulares, y para los tipos S y G, la gama de costura se ha ampliado para producir costuras bien tensadas incluso cuando se utiliza hilo grueso.<br \/>Mecanismo de microelevacion del prensatelas para no danar el material<br \/>El prensatelas puede levantarse un poco ajustando el pasador exc\u00e9ntrico situado en la palanca de elevaci\u00f3n del prensatelas. Al coser telas peludas y el\u00e1sticas, la carga aplicada al material se reduce al levantar ligeramente el prensatelas.<br \/>Cambio entre el arrastre por aguja y el arrastre por dientes<br \/>Para el proceso de costura de materiales ligeros o similares, hay que evitar el fruncimiento. En este caso, el m\u00e9todo de arrastre se puede cambiar al arrastre inferior mediante un f\u00e1cil ajuste y cambio de la galga. En comparaci\u00f3n con el avance de la aguja, el avance inferior evita el fruncimiento y permite coser con una menor tensi\u00f3n del hilo.<br \/>Dos nuevos mecanismos de lubricaci\u00f3n<br \/>M\u00e9todo de aceite eco (circulaci\u00f3n): El aceite que cae del gancho y sus secciones circundantes en la cubierta inferior se filtra para eliminar la suciedad y el polvo y luego se devuelve al dep\u00f3sito de aceite.<br \/>M\u00e9todo de aceite limpio: El aceite que cae del gancho y sus secciones en la cubierta inferior no se devuelve al dep\u00f3sito de aceite, sino que s\u00f3lo se suministra aceite limpio al gancho en todo momento.<br \/>Velocidad de costura m\u00e1x. 3000ppm<br \/>Longitud de puntada m\u00e1x. 5mm<br \/>Elevaci\u00f3n del prensatelas Manual: 7 mm Rodilla: 13 mm<\/p>\n","protected":false},"excerpt":{"rendered":"<p>M\u00e1quina de pespunte 2 agujas fijas para g\u00e9nero grueso y tejano M\u00e1quina de doble arrastre, con garfio de gran capacidad y cabezal semi-seco.<\/p>\n","protected":false},"featured_media":322,"comment_status":"open","ping_status":"closed","template":"","meta":[],"product_brand":[],"product_cat":[41,33],"product_tag":[],"class_list":{"0":"post-292","1":"product","2":"type-product","3":"status-publish","4":"has-post-thumbnail","6":"product_cat-juki-doble-aguja","7":"product_cat-doble-aguja","9":"first","10":"instock","11":"taxable","12":"shipping-taxable","13":"product-type-simple"},"_links":{"self":[{"href":"https:\/\/macozag.com\/index.php?rest_route=\/wp\/v2\/product\/292","targetHints":{"allow":["GET"]}}],"collection":[{"href":"https:\/\/macozag.com\/index.php?rest_route=\/wp\/v2\/product"}],"about":[{"href":"https:\/\/macozag.com\/index.php?rest_route=\/wp\/v2\/types\/product"}],"replies":[{"embeddable":true,"href":"https:\/\/macozag.com\/index.php?rest_route=%2Fwp%2Fv2%2Fcomments&post=292"}],"wp:featuredmedia":[{"embeddable":true,"href":"https:\/\/macozag.com\/index.php?rest_route=\/wp\/v2\/media\/322"}],"wp:attachment":[{"href":"https:\/\/macozag.com\/index.php?rest_route=%2Fwp%2Fv2%2Fmedia&parent=292"}],"wp:term":[{"taxonomy":"product_brand","embeddable":true,"href":"https:\/\/macozag.com\/index.php?rest_route=%2Fwp%2Fv2%2Fproduct_brand&post=292"},{"taxonomy":"product_cat","embeddable":true,"href":"https:\/\/macozag.com\/index.php?rest_route=%2Fwp%2Fv2%2Fproduct_cat&post=292"},{"taxonomy":"product_tag","embeddable":true,"href":"https:\/\/macozag.com\/index.php?rest_route=%2Fwp%2Fv2%2Fproduct_tag&post=292"}],"curies":[{"name":"wp","href":"https:\/\/api.w.org\/{rel}","templated":true}]}}