{"id":286,"date":"2025-03-02T18:50:43","date_gmt":"2025-03-02T18:50:43","guid":{"rendered":"http:\/\/macozag.com\/?post_type=product&#038;p=286"},"modified":"2025-03-02T18:50:58","modified_gmt":"2025-03-02T18:50:58","slug":"dlu-5490nbb-7","status":"publish","type":"product","link":"https:\/\/macozag.com\/?product=dlu-5490nbb-7","title":{"rendered":"DLU-5490NBB-7"},"content":{"rendered":"<p>Mayor durabilidad del prensatelas<br \/>Proporciona un arrastre estable en todo momento, asegurando una mayor calidad.<br \/>El arrastre superior maximo es de 8 mm<br \/>El arrastre superior se ha incrementado para asegurar la estabilidad de las puntadas de fruncido.<br \/>Mayor elevacion del prensatelas<br \/>Permite al operador colocar o retirar f\u00e1cilmente los materiales y coser secciones superpuestas sin ninguna dificultad.<br \/>Mecanismo del cortahilos seguro y fiable<br \/>Realice un corte de hilo r\u00e1pido y seguro para lograr un trabajo de costura altamente eficiente.<br \/>Velocidad de costura m\u00e1x. 4500ppm<br \/>Longitud de puntada m\u00e1x. 5mm<br \/>Alimentaci\u00f3n superior m\u00e1x. 8mm<br \/>Elevaci\u00f3n del prensatelas Manual: 5,5 mm Rodilla: 13 mm<\/p>\n","protected":false},"excerpt":{"rendered":"<p>M\u00e1quina 1 aguja cortah\u00edlos con arrastre diferencial superior Equipada con gu\u00eda de tejido para realizar fruncidos, panel de programaci\u00f3n y alzaprensatelas. <\/p>\n","protected":false},"featured_media":316,"comment_status":"open","ping_status":"closed","template":"","meta":[],"product_brand":[],"product_cat":[35,29],"product_tag":[],"class_list":{"0":"post-286","1":"product","2":"type-product","3":"status-publish","4":"has-post-thumbnail","6":"product_cat-juki-doble-arrastre","7":"product_cat-doble-arrastre","9":"first","10":"instock","11":"taxable","12":"shipping-taxable","13":"product-type-simple"},"_links":{"self":[{"href":"https:\/\/macozag.com\/index.php?rest_route=\/wp\/v2\/product\/286","targetHints":{"allow":["GET"]}}],"collection":[{"href":"https:\/\/macozag.com\/index.php?rest_route=\/wp\/v2\/product"}],"about":[{"href":"https:\/\/macozag.com\/index.php?rest_route=\/wp\/v2\/types\/product"}],"replies":[{"embeddable":true,"href":"https:\/\/macozag.com\/index.php?rest_route=%2Fwp%2Fv2%2Fcomments&post=286"}],"wp:featuredmedia":[{"embeddable":true,"href":"https:\/\/macozag.com\/index.php?rest_route=\/wp\/v2\/media\/316"}],"wp:attachment":[{"href":"https:\/\/macozag.com\/index.php?rest_route=%2Fwp%2Fv2%2Fmedia&parent=286"}],"wp:term":[{"taxonomy":"product_brand","embeddable":true,"href":"https:\/\/macozag.com\/index.php?rest_route=%2Fwp%2Fv2%2Fproduct_brand&post=286"},{"taxonomy":"product_cat","embeddable":true,"href":"https:\/\/macozag.com\/index.php?rest_route=%2Fwp%2Fv2%2Fproduct_cat&post=286"},{"taxonomy":"product_tag","embeddable":true,"href":"https:\/\/macozag.com\/index.php?rest_route=%2Fwp%2Fv2%2Fproduct_tag&post=286"}],"curies":[{"name":"wp","href":"https:\/\/api.w.org\/{rel}","templated":true}]}}