{"id":284,"date":"2025-03-02T18:50:42","date_gmt":"2025-03-02T18:50:42","guid":{"rendered":"http:\/\/macozag.com\/?post_type=product&#038;p=284"},"modified":"2025-03-02T18:50:57","modified_gmt":"2025-03-02T18:50:57","slug":"dlu-5494n-7","status":"publish","type":"product","link":"https:\/\/macozag.com\/?product=dlu-5494n-7","title":{"rendered":"DLU-5494N-7"},"content":{"rendered":"<p>M\u00e1quina 1 aguja cortah\u00edlos con arrastre diferencial superior<br \/>Equipada con gu\u00eda de tejido para realizar fruncidos, panel especial para la programaci\u00f3n de la cantidad de fruncido deseado y alzaprensatelas.<br \/>La mejor calidad de costura se consigue con una costura de baja tension<br \/>La m\u00e1quina produce costuras precisas y de calidad, con un bello acabado y consistencia, a la vez que evita problemas de costura como el fruncido y el avance irregular del material.<br \/>Mayor elevaci\u00f3n del prensatelas y mayor operatividad.<br \/>La elevaci\u00f3n del prensatelas es de hasta 13 mm. La m\u00e1quina incorpora un mecanismo de arrastre superior que simplifica el \u00e1rea alrededor del prensatelas, facilitando el trabajo al usuario.<br \/>Mecanismo del cortahilos seguro y fiable<br \/>Mediante el uso combinado de una cuchilla m\u00f3vil y una contracuchilla, el mecanismo del cortah\u00edlos corta el hilo con consistencia. Corta cualquier hilo r\u00e1pidamente y sin problemas.<br \/>Mecanismo de plisado controlado digitalmente<br \/>Permite que incluso los operarios sin experiencia realicen las operaciones de plisado con facilidad, produciendo productos de alta calidad con consistencia. Durante el proceso de plisado, se puede introducir un programa con la funci\u00f3n de aprendizaje, duplicando as\u00ed una operaci\u00f3n de plisado de alta calidad realizada por un operario experto.<br \/>Velocidad de costura m\u00e1x. 4000 ppm (normal 3500 ppm)<br \/>Longitud de puntada m\u00e1x. Arrastre normal: 5 mm Atacado: 3 mm<br \/>Elevaci\u00f3n del prensatelas Manual: 5,5 mm Rodilla: 13 mm<\/p>\n","protected":false},"excerpt":{"rendered":"<p>M\u00e1quina 1 aguja cortah\u00edlos con arrastre diferencial superior Equipada con gu\u00eda de tejido para realizar fruncidos, panel especial para la programaci\u00f3n de la cantidad de fruncido deseado y alzaprensatelas.<\/p>\n","protected":false},"featured_media":314,"comment_status":"open","ping_status":"closed","template":"","meta":[],"product_brand":[],"product_cat":[35,29],"product_tag":[],"class_list":{"0":"post-284","1":"product","2":"type-product","3":"status-publish","4":"has-post-thumbnail","6":"product_cat-juki-doble-arrastre","7":"product_cat-doble-arrastre","9":"first","10":"instock","11":"taxable","12":"shipping-taxable","13":"product-type-simple"},"_links":{"self":[{"href":"https:\/\/macozag.com\/index.php?rest_route=\/wp\/v2\/product\/284","targetHints":{"allow":["GET"]}}],"collection":[{"href":"https:\/\/macozag.com\/index.php?rest_route=\/wp\/v2\/product"}],"about":[{"href":"https:\/\/macozag.com\/index.php?rest_route=\/wp\/v2\/types\/product"}],"replies":[{"embeddable":true,"href":"https:\/\/macozag.com\/index.php?rest_route=%2Fwp%2Fv2%2Fcomments&post=284"}],"wp:featuredmedia":[{"embeddable":true,"href":"https:\/\/macozag.com\/index.php?rest_route=\/wp\/v2\/media\/314"}],"wp:attachment":[{"href":"https:\/\/macozag.com\/index.php?rest_route=%2Fwp%2Fv2%2Fmedia&parent=284"}],"wp:term":[{"taxonomy":"product_brand","embeddable":true,"href":"https:\/\/macozag.com\/index.php?rest_route=%2Fwp%2Fv2%2Fproduct_brand&post=284"},{"taxonomy":"product_cat","embeddable":true,"href":"https:\/\/macozag.com\/index.php?rest_route=%2Fwp%2Fv2%2Fproduct_cat&post=284"},{"taxonomy":"product_tag","embeddable":true,"href":"https:\/\/macozag.com\/index.php?rest_route=%2Fwp%2Fv2%2Fproduct_tag&post=284"}],"curies":[{"name":"wp","href":"https:\/\/api.w.org\/{rel}","templated":true}]}}