{"id":281,"date":"2025-03-02T18:50:42","date_gmt":"2025-03-02T18:50:42","guid":{"rendered":"http:\/\/macozag.com\/?post_type=product&#038;p=281"},"modified":"2025-03-02T18:50:55","modified_gmt":"2025-03-02T18:50:55","slug":"swd-840h","status":"publish","type":"product","link":"https:\/\/macozag.com\/?product=swd-840h","title":{"rendered":"SWD-840H"},"content":{"rendered":"<p>SWD-840H<\/p>\n<p>M\u00e1quina de 1 aguja de transporte por prensatelas y diente equipada con motor servo en el cabezal. Engrase autom\u00e1tico por bomba, longitud de puntada 8 mm, velocidad m\u00e1xima 2.000 PPM. Garfio vertical de gran capacidad.<\/p>\n","protected":false},"excerpt":{"rendered":"<p>M\u00e1quina de 1 aguja de transporte por prensatelas y diente equipada con motor servo en el cabezal.<\/p>\n","protected":false},"featured_media":311,"comment_status":"open","ping_status":"closed","template":"","meta":[],"product_brand":[],"product_cat":[38,29],"product_tag":[],"class_list":{"0":"post-281","1":"product","2":"type-product","3":"status-publish","4":"has-post-thumbnail","6":"product_cat-sewmaq-doble-arrastre","7":"product_cat-doble-arrastre","9":"first","10":"instock","11":"taxable","12":"shipping-taxable","13":"product-type-simple"},"_links":{"self":[{"href":"https:\/\/macozag.com\/index.php?rest_route=\/wp\/v2\/product\/281","targetHints":{"allow":["GET"]}}],"collection":[{"href":"https:\/\/macozag.com\/index.php?rest_route=\/wp\/v2\/product"}],"about":[{"href":"https:\/\/macozag.com\/index.php?rest_route=\/wp\/v2\/types\/product"}],"replies":[{"embeddable":true,"href":"https:\/\/macozag.com\/index.php?rest_route=%2Fwp%2Fv2%2Fcomments&post=281"}],"wp:featuredmedia":[{"embeddable":true,"href":"https:\/\/macozag.com\/index.php?rest_route=\/wp\/v2\/media\/311"}],"wp:attachment":[{"href":"https:\/\/macozag.com\/index.php?rest_route=%2Fwp%2Fv2%2Fmedia&parent=281"}],"wp:term":[{"taxonomy":"product_brand","embeddable":true,"href":"https:\/\/macozag.com\/index.php?rest_route=%2Fwp%2Fv2%2Fproduct_brand&post=281"},{"taxonomy":"product_cat","embeddable":true,"href":"https:\/\/macozag.com\/index.php?rest_route=%2Fwp%2Fv2%2Fproduct_cat&post=281"},{"taxonomy":"product_tag","embeddable":true,"href":"https:\/\/macozag.com\/index.php?rest_route=%2Fwp%2Fv2%2Fproduct_tag&post=281"}],"curies":[{"name":"wp","href":"https:\/\/api.w.org\/{rel}","templated":true}]}}