{"id":276,"date":"2025-03-02T18:50:41","date_gmt":"2025-03-02T18:50:41","guid":{"rendered":"http:\/\/macozag.com\/?post_type=product&#038;p=276"},"modified":"2025-03-02T18:50:52","modified_gmt":"2025-03-02T18:50:52","slug":"swd-6720-l-h","status":"publish","type":"product","link":"https:\/\/macozag.com\/?product=swd-6720-l-h","title":{"rendered":"SWD-6720 \/ L \/ H"},"content":{"rendered":"<p>M\u00e1quina de 1 aguja con doble arrastre por aguja y diente, motor incorporado en el cabezal (direct drive, servo motor), garfio de capacidad peque\u00f1a, puntada m\u00e1xima de 4 mm y velocidad 4.500 PPM. Para g\u00e9neros finos y medios.<\/p>\n<p>SWD-6720L<br \/>M\u00e1quina de 1 aguja con doble arrastre por aguja y diente, motor incorporado en el cabezal (direct drive, servo motor), garfio capacidad peque\u00f1a, puntada m\u00e1xima de 5 mm y velocidad 3.500 PPM. Para g\u00e9neros medios y gruesos.<\/p>\n<p>SWD-6720H<br \/>M\u00e1quina de 1 aguja con doble arrastre por aguja y diente, motor incorporado en el cabezal (direct drive, servo motor), garfio de gran capacidad, puntada m\u00e1xima de 5 mm y velocidad 2.800 PPM. Para g\u00e9neros gruesos.<\/p>\n","protected":false},"excerpt":{"rendered":"<p>M\u00e1quina de 1 aguja con doble arrastre por aguja y diente, motor incorporado en el cabezal (direct drive, servo motor)<\/p>\n","protected":false},"featured_media":306,"comment_status":"open","ping_status":"closed","template":"","meta":[],"product_brand":[],"product_cat":[38,29],"product_tag":[],"class_list":{"0":"post-276","1":"product","2":"type-product","3":"status-publish","4":"has-post-thumbnail","6":"product_cat-sewmaq-doble-arrastre","7":"product_cat-doble-arrastre","9":"first","10":"instock","11":"taxable","12":"shipping-taxable","13":"product-type-simple"},"_links":{"self":[{"href":"https:\/\/macozag.com\/index.php?rest_route=\/wp\/v2\/product\/276","targetHints":{"allow":["GET"]}}],"collection":[{"href":"https:\/\/macozag.com\/index.php?rest_route=\/wp\/v2\/product"}],"about":[{"href":"https:\/\/macozag.com\/index.php?rest_route=\/wp\/v2\/types\/product"}],"replies":[{"embeddable":true,"href":"https:\/\/macozag.com\/index.php?rest_route=%2Fwp%2Fv2%2Fcomments&post=276"}],"wp:featuredmedia":[{"embeddable":true,"href":"https:\/\/macozag.com\/index.php?rest_route=\/wp\/v2\/media\/306"}],"wp:attachment":[{"href":"https:\/\/macozag.com\/index.php?rest_route=%2Fwp%2Fv2%2Fmedia&parent=276"}],"wp:term":[{"taxonomy":"product_brand","embeddable":true,"href":"https:\/\/macozag.com\/index.php?rest_route=%2Fwp%2Fv2%2Fproduct_brand&post=276"},{"taxonomy":"product_cat","embeddable":true,"href":"https:\/\/macozag.com\/index.php?rest_route=%2Fwp%2Fv2%2Fproduct_cat&post=276"},{"taxonomy":"product_tag","embeddable":true,"href":"https:\/\/macozag.com\/index.php?rest_route=%2Fwp%2Fv2%2Fproduct_tag&post=276"}],"curies":[{"name":"wp","href":"https:\/\/api.w.org\/{rel}","templated":true}]}}