{"id":275,"date":"2025-03-02T18:50:40","date_gmt":"2025-03-02T18:50:40","guid":{"rendered":"http:\/\/macozag.com\/?post_type=product&#038;p=275"},"modified":"2025-03-02T18:50:50","modified_gmt":"2025-03-02T18:50:50","slug":"kld-1000","status":"publish","type":"product","link":"https:\/\/macozag.com\/?product=kld-1000","title":{"rendered":"KLD-1000"},"content":{"rendered":"<p>M\u00e1quina de pespunte de 1 aguja equipada con motor servo en el cabezal y c\u00e1rter cerrado de aceite. Caracter\u00edsticas: cortahilos y alzaprensatelas controlados por un \u00fanico motor a paso, remates por motor paso a paso, alza prensatelas de levantamiento gradual por rodillera, cortahilos sin hilo sobrante por la parte inferior, 8 costuras programadas, cortahilos silencioso, retirahilos y sistema de tensi\u00f3n electr\u00f3nico.<\/p>\n","protected":false},"excerpt":{"rendered":"<p>M\u00e1quina de pespunte de 1 aguja equipada con motor servo en el cabezal y c\u00e1rter cerrado de aceite.<\/p>\n","protected":false},"featured_media":305,"comment_status":"open","ping_status":"closed","template":"","meta":[],"product_brand":[],"product_cat":[27,37],"product_tag":[],"class_list":{"0":"post-275","1":"product","2":"type-product","3":"status-publish","4":"has-post-thumbnail","6":"product_cat-cortahilos","7":"product_cat-kingtex","9":"first","10":"instock","11":"taxable","12":"shipping-taxable","13":"product-type-simple"},"_links":{"self":[{"href":"https:\/\/macozag.com\/index.php?rest_route=\/wp\/v2\/product\/275","targetHints":{"allow":["GET"]}}],"collection":[{"href":"https:\/\/macozag.com\/index.php?rest_route=\/wp\/v2\/product"}],"about":[{"href":"https:\/\/macozag.com\/index.php?rest_route=\/wp\/v2\/types\/product"}],"replies":[{"embeddable":true,"href":"https:\/\/macozag.com\/index.php?rest_route=%2Fwp%2Fv2%2Fcomments&post=275"}],"wp:featuredmedia":[{"embeddable":true,"href":"https:\/\/macozag.com\/index.php?rest_route=\/wp\/v2\/media\/305"}],"wp:attachment":[{"href":"https:\/\/macozag.com\/index.php?rest_route=%2Fwp%2Fv2%2Fmedia&parent=275"}],"wp:term":[{"taxonomy":"product_brand","embeddable":true,"href":"https:\/\/macozag.com\/index.php?rest_route=%2Fwp%2Fv2%2Fproduct_brand&post=275"},{"taxonomy":"product_cat","embeddable":true,"href":"https:\/\/macozag.com\/index.php?rest_route=%2Fwp%2Fv2%2Fproduct_cat&post=275"},{"taxonomy":"product_tag","embeddable":true,"href":"https:\/\/macozag.com\/index.php?rest_route=%2Fwp%2Fv2%2Fproduct_tag&post=275"}],"curies":[{"name":"wp","href":"https:\/\/api.w.org\/{rel}","templated":true}]}}