{"id":273,"date":"2025-03-02T18:50:40","date_gmt":"2025-03-02T18:50:40","guid":{"rendered":"http:\/\/macozag.com\/?post_type=product&#038;p=273"},"modified":"2025-03-02T18:50:47","modified_gmt":"2025-03-02T18:50:47","slug":"ddl-9000csms","status":"publish","type":"product","link":"https:\/\/macozag.com\/?product=ddl-9000csms","title":{"rendered":"DDL-9000CSMS"},"content":{"rendered":"<p>M\u00e1quina de pespunte 1 aguja cortah\u00edlos<br \/>Equipada con cortah\u00edlos direct Drive, eliminaci\u00f3n del nudo al cortar el hilo, panel, niper, AK y arrastre electr\u00f3nico. Sin c\u00e1rter de aceite y longitud de puntada de 5 mm.<br \/>Mecanismo de arrastre digital vertical<br \/>Permite ajustar la altura de los dientes de arrastre en funci\u00f3n del material que se utilice. Gracias a este mecanismo, el corte del hilo se puede realizar con los dientes bajados en caso de que la funci\u00f3n\u2026 est\u00e9 activado.<br \/>Corte de hilo con hebra inferior a 3 mm<br \/>Se utiliza el sistema de cuchillas rotativas de doble filo, cuyos bordes se cruzan entre s\u00ed directamente bajo el punto de entrada de la aguja, para cortar el hilo, consiguiendo que el hilo que queda en el material sea de 3 mm.<br \/>Funciones digitales que acent\u00faan la excelente calidad de la costura<br \/>I. Adopci\u00f3n de la tensi\u00f3n activa del hilo de la aguja: la tensi\u00f3n de la aguja se controla digitalmente.<br \/>II. Mecanismo de presi\u00f3n del prensatelas activo: la presi\u00f3n del prensatelas se controla digitalmente.<br \/>tercero Abrazadera del hilo de la aguja: funciona para reducir el tama\u00f1o del hilo que se enreda en el lado equivocado del material.<br \/>Luz LED<br \/>Ilumina directamente el \u00e1rea de la aguja, de izquierda a derecha de la barra aguja. Adem\u00e1s, la intensidad de la luz se puede ajustar en 5 pasos y se puede utilizar como luz auxiliar para trabajar.<br \/>Interruptores para funciones directas<br \/>Estas funciones se pueden configurar en el panel.<br \/>Velocidad de costura m\u00e1x. 5000ppm<br \/>Longitud de puntada m\u00e1x. 5mm<br \/>Altura dientes arrastre (mm) 0,8<\/p>\n","protected":false},"excerpt":{"rendered":"<p>M\u00e1quina de pespunte 1 aguja cortah\u00edlos<\/p>\n","protected":false},"featured_media":303,"comment_status":"open","ping_status":"closed","template":"","meta":[],"product_brand":[],"product_cat":[36,27],"product_tag":[],"class_list":{"0":"post-273","1":"product","2":"type-product","3":"status-publish","4":"has-post-thumbnail","6":"product_cat-juki-cortahilos","7":"product_cat-cortahilos","9":"first","10":"instock","11":"taxable","12":"shipping-taxable","13":"product-type-simple"},"_links":{"self":[{"href":"https:\/\/macozag.com\/index.php?rest_route=\/wp\/v2\/product\/273","targetHints":{"allow":["GET"]}}],"collection":[{"href":"https:\/\/macozag.com\/index.php?rest_route=\/wp\/v2\/product"}],"about":[{"href":"https:\/\/macozag.com\/index.php?rest_route=\/wp\/v2\/types\/product"}],"replies":[{"embeddable":true,"href":"https:\/\/macozag.com\/index.php?rest_route=%2Fwp%2Fv2%2Fcomments&post=273"}],"wp:featuredmedia":[{"embeddable":true,"href":"https:\/\/macozag.com\/index.php?rest_route=\/wp\/v2\/media\/303"}],"wp:attachment":[{"href":"https:\/\/macozag.com\/index.php?rest_route=%2Fwp%2Fv2%2Fmedia&parent=273"}],"wp:term":[{"taxonomy":"product_brand","embeddable":true,"href":"https:\/\/macozag.com\/index.php?rest_route=%2Fwp%2Fv2%2Fproduct_brand&post=273"},{"taxonomy":"product_cat","embeddable":true,"href":"https:\/\/macozag.com\/index.php?rest_route=%2Fwp%2Fv2%2Fproduct_cat&post=273"},{"taxonomy":"product_tag","embeddable":true,"href":"https:\/\/macozag.com\/index.php?rest_route=%2Fwp%2Fv2%2Fproduct_tag&post=273"}],"curies":[{"name":"wp","href":"https:\/\/api.w.org\/{rel}","templated":true}]}}