{"id":272,"date":"2025-03-02T18:50:40","date_gmt":"2025-03-02T18:50:40","guid":{"rendered":"http:\/\/macozag.com\/?post_type=product&#038;p=272"},"modified":"2026-02-06T10:28:15","modified_gmt":"2026-02-06T09:28:15","slug":"ddl-9000cfms","status":"publish","type":"product","link":"https:\/\/macozag.com\/?product=ddl-9000cfms","title":{"rendered":"DDL-9000CFMS"},"content":{"rendered":"<h1>M\u00e1quina de pespunte de 1 aguja cortah\u00edlos full digital<\/h1>\n<div class=\"product-description\">\n<p>Equipada con cortah\u00edlos Direct Drive, sistema de arrastre electr\u00f3nico, sistema de tensi\u00f3n activa controlada digitalmente, panel t\u00e1ctil a todo color integrado en el cabezal, alzaprensatelas por motor paso a paso, doble altura del prensatelas de 8,5 y 13,5 mm, doble cuchilla del cortah\u00edlos para dejar una hebra solo de 3,5 mm, y presi\u00f3n electr\u00f3nica del prensatelas que har\u00e1 que se ajuste autom\u00e1ticamente al detectar diferentes grosores. Con c\u00e1rter de aceite cerrado y longitud de puntada de 5 mm.<\/p>\n<\/div>\n<div class=\"blockImages\">\n<div class=\"imageLeft\"><img decoding=\"async\" src=\"https:\/\/docs.jpujol.com\/img-prod\/9000C_dientes.jpg\" \/><\/div>\n<div class=\"textRight\">\n<div class=\"titleText\">Mecanismo de arrastre digital vertical<\/div>\n<div class=\"titleText\">Permite ajustar la altura de los dientes de arrastre en funci\u00f3n del material que se utilice. Gracias a este mecanismo, el corte del hilo se puede realizar con los dientes bajados en caso de que la funci\u00f3n &#8230; est\u00e9 activada.<\/div>\n<\/div>\n<\/div>\n<div class=\"blockImages\">\n<div class=\"imageLeft\"><img decoding=\"async\" src=\"https:\/\/docs.jpujol.com\/img-prod\/9000C_remaining.jpg\" \/><\/div>\n<div class=\"textRight\">\n<div class=\"titleText\">Corte de hilo con hebra inferior a 3 mm<\/div>\n<div class=\"titleText\">Se utiliza el sistema de cuchillas rotativas de doble filo, cuyos bordes se cruzan entre s\u00ed directamente bajo el punto de entrada de la aguja, para cortar el hilo, consiguiendo que el hilo que queda en el material sea de 3 mm. The grooved cam system is adopted to enable forcible release of the thread trimmer even if the thread trimmer locks. The picker device is also adopted. The picker device secures a sufficient length of needle thread, as well as it stabilizes the length of thread remaining on the material.<\/div>\n<\/div>\n<\/div>\n<div class=\"blockImages\">\n<div class=\"imageLeft\"><img decoding=\"async\" src=\"https:\/\/docs.jpujol.com\/img-prod\/9000C_funciones.jpg\" \/><\/div>\n<div class=\"textRight\">\n<div class=\"titleText\">Funciones digitales que acent\u00faan la excelente calidad de la costura<\/div>\n<div class=\"titleText\">\n<ul>\n<li>I. Adopci\u00f3n de la tensi\u00f3n activa del hilo de la aguja: la tensi\u00f3n de la aguja se controla digitalmente.<\/li>\n<li>II. Mecanismo de presi\u00f3n del prensatelas activo: la presi\u00f3n del prensatelas se controla digitalmente.<\/li>\n<li>III. Abrazadera del hilo de la aguja: funciona para reducir el tama\u00f1o del hilo que se enreda en el lado equivocado del material.<\/li>\n<\/ul>\n<\/div>\n<\/div>\n<\/div>\n<div class=\"blockImages\">\n<div class=\"imageLeft\"><img decoding=\"async\" src=\"https:\/\/docs.jpujol.com\/img-prod\/9000C_led.jpg\" \/><\/div>\n<div class=\"textRight\">\n<div class=\"titleText\">Luz LED<\/div>\n<div class=\"titleText\">Ilumina directamente el \u00e1rea de la aguja, de izquierda a derecha de la barra aguja. Adem\u00e1s, la intensidad de la luz se puede ajustar en 5 pasos y puede utilizarse como luz auxiliar para trabajar.<\/div>\n<\/div>\n<\/div>\n<div class=\"blockImages\">\n<div class=\"imageLeft\"><img decoding=\"async\" src=\"https:\/\/docs.jpujol.com\/img-prod\/9000C_switch.jpg\" \/><\/div>\n<div class=\"textRight\">\n<div class=\"titleText\">Interruptores para funciones directas<\/div>\n<div class=\"titleText\">Estas funciones se pueden configurar en el panel.<\/div>\n<\/div>\n<\/div>\n<table>\n<tbody>\n<tr>\n<th>Velocidad de costura m\u00e1x.<\/th>\n<td>5000 ppm<\/td>\n<\/tr>\n<tr>\n<th>Longitud de puntada m\u00e1x.<\/th>\n<td>5 mm<\/td>\n<\/tr>\n<tr>\n<th>Altura dientes arrastre (mm)<\/th>\n<td>0,8<\/td>\n<\/tr>\n<\/tbody>\n<\/table>\n","protected":false},"excerpt":{"rendered":"<h1>M\u00e1quina de pespunte de 1 aguja cortah\u00edlos full digital<\/h1>\n<div class=\"product-description\">\n<p>Equipada con cortah\u00edlos Direct Drive, sistema de arrastre electr\u00f3nico, sistema de tensi\u00f3n activa controlada digitalmente, panel t\u00e1ctil a todo color integrado en el cabezal, alzaprensatelas por motor paso a paso, doble altura del prensatelas de 8,5 y 13,5 mm, doble cuchilla del cortah\u00edlos para dejar una hebra solo de 3,5 mm, y presi\u00f3n electr\u00f3nica del prensatelas que har\u00e1 que se ajuste autom\u00e1ticamente al detectar diferentes grosores. Con c\u00e1rter de aceite cerrado y longitud de puntada de 5 mm.<\/p>\n<\/div>\n","protected":false},"featured_media":302,"comment_status":"open","ping_status":"closed","template":"","meta":[],"product_brand":[],"product_cat":[27,36],"product_tag":[],"class_list":{"0":"post-272","1":"product","2":"type-product","3":"status-publish","4":"has-post-thumbnail","6":"product_cat-cortahilos","7":"product_cat-juki-cortahilos","9":"first","10":"instock","11":"taxable","12":"shipping-taxable","13":"product-type-simple"},"_links":{"self":[{"href":"https:\/\/macozag.com\/index.php?rest_route=\/wp\/v2\/product\/272","targetHints":{"allow":["GET"]}}],"collection":[{"href":"https:\/\/macozag.com\/index.php?rest_route=\/wp\/v2\/product"}],"about":[{"href":"https:\/\/macozag.com\/index.php?rest_route=\/wp\/v2\/types\/product"}],"replies":[{"embeddable":true,"href":"https:\/\/macozag.com\/index.php?rest_route=%2Fwp%2Fv2%2Fcomments&post=272"}],"wp:featuredmedia":[{"embeddable":true,"href":"https:\/\/macozag.com\/index.php?rest_route=\/wp\/v2\/media\/302"}],"wp:attachment":[{"href":"https:\/\/macozag.com\/index.php?rest_route=%2Fwp%2Fv2%2Fmedia&parent=272"}],"wp:term":[{"taxonomy":"product_brand","embeddable":true,"href":"https:\/\/macozag.com\/index.php?rest_route=%2Fwp%2Fv2%2Fproduct_brand&post=272"},{"taxonomy":"product_cat","embeddable":true,"href":"https:\/\/macozag.com\/index.php?rest_route=%2Fwp%2Fv2%2Fproduct_cat&post=272"},{"taxonomy":"product_tag","embeddable":true,"href":"https:\/\/macozag.com\/index.php?rest_route=%2Fwp%2Fv2%2Fproduct_tag&post=272"}],"curies":[{"name":"wp","href":"https:\/\/api.w.org\/{rel}","templated":true}]}}