{"id":270,"date":"2025-03-02T18:50:39","date_gmt":"2025-03-02T18:50:39","guid":{"rendered":"http:\/\/macozag.com\/?post_type=product&#038;p=270"},"modified":"2026-02-06T10:27:44","modified_gmt":"2026-02-06T09:27:44","slug":"ddl-8700-7","status":"publish","type":"product","link":"https:\/\/macozag.com\/?product=ddl-8700-7","title":{"rendered":"DDL-8700-7"},"content":{"rendered":"<p>M\u00e1quina de pespunte 1 aguja cortah\u00edlos para g\u00e9nero fino y medio<br \/>\nEquipada con panel, limpiaparabrisas y AK.<br \/>\nPanel con multifunciones<br \/>\nEquipado con botones con acceso directo a una gran variedad de funciones.<br \/>\nFunciones de uso sencillas para mejorar su productividad<br \/>\nAl proporcionar un prensatelas con una mayor elevaci\u00f3n (13 mm), un dial de puntada, una placa aguja con ranuras que se pueden utilizar como gu\u00eda para el margen de costura, y otras funciones directas, facilita el uso de la m\u00e1quina y aumenta su productividad .<br \/>\nCortah\u00edlos integrados<br \/>\nLa m\u00e1quina viene equipada con un mecanismo del cortah\u00edlos que asegura un corte r\u00e1pido y fiable.<br \/>\nVelocidad de costura m\u00e1x. 5000ppm<br \/>\nLongitud de puntada m\u00e1x. 4mm<br \/>\nElevaci\u00f3n del prensatelas Manual: 5,5 mm Rodilla: 13 mm<\/p>\n<div class=\"blockImages\">\n<div class=\"imageLeft\"><img decoding=\"async\" src=\"https:\/\/docs.jpujol.com\/img-prod\/8700-7_panel.jpg\" \/><\/div>\n<div class=\"textRight\">\n<div class=\"titleText\">Panel con multi funciones<\/div>\n<div class=\"titleText\">Equipado con botones con acceso directo a una gran variedad de funciones.<\/div>\n<\/div>\n<\/div>\n<div class=\"blockImages\">\n<div class=\"imageLeft\"><img decoding=\"async\" src=\"https:\/\/docs.jpujol.com\/img-prod\/8700-7_easy.jpg\" \/><\/div>\n<div class=\"textRight\">\n<div class=\"titleText\">Funciones de uso sencillo para mejorar su productividad<\/div>\n<div class=\"titleText\">Al proporcionar un prensatelas con una mayor elevaci\u00f3n (13 mm), un dial de puntada, una placa aguja con ranuras que se pueden utilizar como gu\u00eda para el margen de costura, y otras funciones directas, facilita el uso de la m\u00e1quina y aumenta su productividad.<\/div>\n<\/div>\n<\/div>\n<div class=\"blockImages\">\n<div class=\"imageLeft\"><img decoding=\"async\" src=\"https:\/\/docs.jpujol.com\/img-prod\/8700-7_mecanismo.jpg\" \/><\/div>\n<div class=\"textRight\">\n<div class=\"titleText\">Cortah\u00edlos integrado<\/div>\n<div class=\"titleText\">La m\u00e1quina viene equipada con un mecanismo del cortah\u00edlos que asegura un corte r\u00e1pido y fiable.<\/div>\n<\/div>\n<\/div>\n<table>\n<tbody>\n<tr>\n<th>Velocidad de costura m\u00e1x.<\/th>\n<td>5000 ppm<\/td>\n<\/tr>\n<tr>\n<th>Longitud de puntada m\u00e1x.<\/th>\n<td>4 mm<\/td>\n<\/tr>\n<tr>\n<th>Elevaci\u00f3n del prensatelas<\/th>\n<td>Manual: 5,5 mm Rodilla: 13 mm<\/td>\n<\/tr>\n<\/tbody>\n<\/table>\n","protected":false},"excerpt":{"rendered":"<h1>M\u00e1quina de pespunte 1 aguja cortah\u00edlos para g\u00e9nero fino y medio<\/h1>\n<div class=\"product-description\">\n<p>Equipada con panel, wiper y AK.<\/p>\n<\/div>\n","protected":false},"featured_media":300,"comment_status":"open","ping_status":"closed","template":"","meta":[],"product_brand":[],"product_cat":[27,36],"product_tag":[],"class_list":{"0":"post-270","1":"product","2":"type-product","3":"status-publish","4":"has-post-thumbnail","6":"product_cat-cortahilos","7":"product_cat-juki-cortahilos","9":"first","10":"instock","11":"taxable","12":"shipping-taxable","13":"product-type-simple"},"_links":{"self":[{"href":"https:\/\/macozag.com\/index.php?rest_route=\/wp\/v2\/product\/270","targetHints":{"allow":["GET"]}}],"collection":[{"href":"https:\/\/macozag.com\/index.php?rest_route=\/wp\/v2\/product"}],"about":[{"href":"https:\/\/macozag.com\/index.php?rest_route=\/wp\/v2\/types\/product"}],"replies":[{"embeddable":true,"href":"https:\/\/macozag.com\/index.php?rest_route=%2Fwp%2Fv2%2Fcomments&post=270"}],"wp:featuredmedia":[{"embeddable":true,"href":"https:\/\/macozag.com\/index.php?rest_route=\/wp\/v2\/media\/300"}],"wp:attachment":[{"href":"https:\/\/macozag.com\/index.php?rest_route=%2Fwp%2Fv2%2Fmedia&parent=270"}],"wp:term":[{"taxonomy":"product_brand","embeddable":true,"href":"https:\/\/macozag.com\/index.php?rest_route=%2Fwp%2Fv2%2Fproduct_brand&post=270"},{"taxonomy":"product_cat","embeddable":true,"href":"https:\/\/macozag.com\/index.php?rest_route=%2Fwp%2Fv2%2Fproduct_cat&post=270"},{"taxonomy":"product_tag","embeddable":true,"href":"https:\/\/macozag.com\/index.php?rest_route=%2Fwp%2Fv2%2Fproduct_tag&post=270"}],"curies":[{"name":"wp","href":"https:\/\/api.w.org\/{rel}","templated":true}]}}