{"id":238,"date":"2025-03-02T18:50:21","date_gmt":"2025-03-02T18:50:21","guid":{"rendered":"http:\/\/macozag.com\/?post_type=product&#038;p=238"},"modified":"2025-03-02T18:50:38","modified_gmt":"2025-03-02T18:50:38","slug":"ddl-8000apshnbn","status":"publish","type":"product","link":"https:\/\/macozag.com\/?product=ddl-8000apshnbn","title":{"rendered":"DDL-8000APSHNBN"},"content":{"rendered":"<p>M\u00e1quina de pespunte 1 aguja cortah\u00edlos para g\u00e9nero medio y grueso<br \/>Equipada con cortah\u00edlos Direct Drive, panel, niper y AK de doble altura por motor paso a paso. Sin c\u00e1rter de aceite y con una longitud de puntada de 5 mm.<br \/>2 puertos USB<br \/>Uno en la caja de control, y el segundo en el panel de control. La gesti\u00f3n de datos y las actualizaciones de software se pueden llevar a cabo con facilidad.<br \/>guia por voz<br \/>Cuando la cantidad de aceite cambia a lleno o vac\u00edo, la m\u00e1quina te avisa por voz.<br \/>Cantidad m\u00ednima de aceite requerida<br \/>La barra agujas y los componentes del tirah\u00edlos se lubrican con la cantidad m\u00ednima de aceite. Para la secci\u00f3n del garfio, se emplea el m\u00e9todo est\u00e1ndar de lubricaci\u00f3n<br \/>Velocidad de costura m\u00e1x. 4500ppm<br \/>Longitud de puntada m\u00e1x. 5mm<br \/>Elevaci\u00f3n del prensatelas Manual: 5,5 mm Auto: 1era fase 8,5 mm, 2da fase 13 mm<\/p>\n","protected":false},"excerpt":{"rendered":"<p>M\u00e1quina de pespunte 1 aguja cortah\u00edlos para g\u00e9nero medio y grueso<\/p>\n","protected":false},"featured_media":268,"comment_status":"open","ping_status":"closed","template":"","meta":[],"product_brand":[],"product_cat":[36,27],"product_tag":[],"class_list":{"0":"post-238","1":"product","2":"type-product","3":"status-publish","4":"has-post-thumbnail","6":"product_cat-juki-cortahilos","7":"product_cat-cortahilos","9":"first","10":"instock","11":"taxable","12":"shipping-taxable","13":"product-type-simple"},"_links":{"self":[{"href":"https:\/\/macozag.com\/index.php?rest_route=\/wp\/v2\/product\/238","targetHints":{"allow":["GET"]}}],"collection":[{"href":"https:\/\/macozag.com\/index.php?rest_route=\/wp\/v2\/product"}],"about":[{"href":"https:\/\/macozag.com\/index.php?rest_route=\/wp\/v2\/types\/product"}],"replies":[{"embeddable":true,"href":"https:\/\/macozag.com\/index.php?rest_route=%2Fwp%2Fv2%2Fcomments&post=238"}],"wp:featuredmedia":[{"embeddable":true,"href":"https:\/\/macozag.com\/index.php?rest_route=\/wp\/v2\/media\/268"}],"wp:attachment":[{"href":"https:\/\/macozag.com\/index.php?rest_route=%2Fwp%2Fv2%2Fmedia&parent=238"}],"wp:term":[{"taxonomy":"product_brand","embeddable":true,"href":"https:\/\/macozag.com\/index.php?rest_route=%2Fwp%2Fv2%2Fproduct_brand&post=238"},{"taxonomy":"product_cat","embeddable":true,"href":"https:\/\/macozag.com\/index.php?rest_route=%2Fwp%2Fv2%2Fproduct_cat&post=238"},{"taxonomy":"product_tag","embeddable":true,"href":"https:\/\/macozag.com\/index.php?rest_route=%2Fwp%2Fv2%2Fproduct_tag&post=238"}],"curies":[{"name":"wp","href":"https:\/\/api.w.org\/{rel}","templated":true}]}}