{"id":236,"date":"2025-03-02T18:50:21","date_gmt":"2025-03-02T18:50:21","guid":{"rendered":"http:\/\/macozag.com\/?post_type=product&#038;p=236"},"modified":"2026-02-06T10:25:58","modified_gmt":"2026-02-06T09:25:58","slug":"ddl-7000ah-7","status":"publish","type":"product","link":"https:\/\/macozag.com\/?product=ddl-7000ah-7","title":{"rendered":"DDL-7000AH-7"},"content":{"rendered":"<p>M\u00e1quina de pespunte 1 aguja cortah\u00edlos para g\u00e9nero medio y grueso<br \/>\nEquipada con motor Servo Direct Drive instalado en el cabezal de la m\u00e1quina para un ahorro de energ\u00eda, transmitiendo la potencia sin tener p\u00e9rdidas para un r\u00e1pido arranque y un aumento de la fuerza de penetraci\u00f3n de la aguja.<br \/>\nCaja de control y panel integrados en el cabezal de la maquina.<br \/>\nEl panel est\u00e1 equipado con diferentes botones con accesos a diversas funciones.<br \/>\nEl interruptor de encendido est\u00e1 integrado en la caja de control.<br \/>\nEl puerto USB est\u00e1 situado al lado del interruptor.<br \/>\nLuz LED integrada<br \/>\nIlumina directamente el \u00e1rea de la aguja, de izquierda a derecha de la barra aguja. Adem\u00e1s, la intensidad de la luz se puede ajustar en 5 pasos y se puede utilizar como luz auxiliar para el trabajo.<br \/>\nPrevenci\u00f3n de rotura de la aguja<br \/>\nLa maquina esta provista de cortahilos y un sistema renovado de prevencion de rotura de la aguja. El \u00e1ngulo del eje principal controla la prevenci\u00f3n de rotura de agujas, incluso cuando se utiliza la funci\u00f3n de remate. El pulsador de remate es ajustable en altura.<br \/>\nVelocidad de costura m\u00e1x. 5000ppm<br \/>\nLongitud de puntada m\u00e1x. 5mm<\/p>\n<div class=\"blockImages\">\n<div class=\"imageLeft\"><img decoding=\"async\" src=\"https:\/\/docs.jpujol.com\/img-prod\/7000A_sistema.jpg\" \/><\/div>\n<div class=\"textRight\">\n<div class=\"titleText\">Caja de control y panel integrados en el cabezal de la m\u00e1quina.<\/div>\n<div class=\"titleText\">El panel est\u00e1 equipado con diferentes botones con accesos a diversas funciones.<\/div>\n<\/div>\n<\/div>\n<div class=\"blockImages\">\n<div class=\"imageLeft\"><img decoding=\"async\" src=\"https:\/\/docs.jpujol.com\/img-prod\/7000A_usb.jpg\" \/><\/div>\n<div class=\"textRight\">\n<div class=\"titleText\">El interruptor de encendido est\u00e1 integrado en la caja de control.<\/div>\n<div class=\"titleText\">El puerto USB est\u00e1 situado al lado del interruptor.<\/div>\n<\/div>\n<\/div>\n<div class=\"blockImages\">\n<div class=\"imageLeft\"><img decoding=\"async\" src=\"https:\/\/docs.jpujol.com\/img-prod\/7000A_led.jpg\" \/><\/div>\n<div class=\"textRight\">\n<div class=\"titleText\">Luz LED integrada<\/div>\n<div class=\"titleText\">Ilumina directamente el \u00e1rea de la aguja, de izquierda a derecha de la barra aguja. Adem\u00e1s, la intensidad de la luz se puede ajustar en 5 pasos y puede utilizarse como luz auxiliar para el trabajo.<\/div>\n<\/div>\n<\/div>\n<div class=\"blockImages\">\n<div class=\"imageLeft\"><img decoding=\"async\" src=\"https:\/\/docs.jpujol.com\/img-prod\/7000A_switch.jpg\" \/><\/div>\n<div class=\"textRight\">\n<div class=\"titleText\">Prevenci\u00f3n de rotura de la aguja<\/div>\n<div class=\"titleText\">La m\u00e1quina est\u00e1 provista de cortah\u00edlos y un sistema renovado de prevenci\u00f3n de rotura de la aguja. El \u00e1ngulo del eje principal controla la prevenci\u00f3n de rotura de agujas, incluso cuando se utiliza la funci\u00f3n de remate. El pulsador de remate es ajustable en altura.<\/div>\n<\/div>\n<\/div>\n<table>\n<tbody>\n<tr>\n<th>Velocidad de costura m\u00e1x.<\/th>\n<td>5000 ppm<\/td>\n<\/tr>\n<tr>\n<th>Longitud de puntada m\u00e1x.<\/th>\n<td>5 mm<\/td>\n<\/tr>\n<\/tbody>\n<\/table>\n","protected":false},"excerpt":{"rendered":"<h1>M\u00e1quina de pespunte 1 aguja cortah\u00edlos para g\u00e9nero medio y grueso<\/h1>\n<div class=\"product-description\">\n<p>Equipada con motor Servo Direct Drive instalado en el cabezal de la m\u00e1quina para un ahorro de energ\u00eda, transmitiendo la potencia sin tener p\u00e9rdidas para un r\u00e1pido arranque y un aumento de la fuerza de penetraci\u00f3n de la aguja.<\/p>\n<\/div>\n","protected":false},"featured_media":266,"comment_status":"open","ping_status":"closed","template":"","meta":[],"product_brand":[],"product_cat":[27,36],"product_tag":[],"class_list":{"0":"post-236","1":"product","2":"type-product","3":"status-publish","4":"has-post-thumbnail","6":"product_cat-cortahilos","7":"product_cat-juki-cortahilos","9":"first","10":"instock","11":"taxable","12":"shipping-taxable","13":"product-type-simple"},"_links":{"self":[{"href":"https:\/\/macozag.com\/index.php?rest_route=\/wp\/v2\/product\/236","targetHints":{"allow":["GET"]}}],"collection":[{"href":"https:\/\/macozag.com\/index.php?rest_route=\/wp\/v2\/product"}],"about":[{"href":"https:\/\/macozag.com\/index.php?rest_route=\/wp\/v2\/types\/product"}],"replies":[{"embeddable":true,"href":"https:\/\/macozag.com\/index.php?rest_route=%2Fwp%2Fv2%2Fcomments&post=236"}],"wp:featuredmedia":[{"embeddable":true,"href":"https:\/\/macozag.com\/index.php?rest_route=\/wp\/v2\/media\/266"}],"wp:attachment":[{"href":"https:\/\/macozag.com\/index.php?rest_route=%2Fwp%2Fv2%2Fmedia&parent=236"}],"wp:term":[{"taxonomy":"product_brand","embeddable":true,"href":"https:\/\/macozag.com\/index.php?rest_route=%2Fwp%2Fv2%2Fproduct_brand&post=236"},{"taxonomy":"product_cat","embeddable":true,"href":"https:\/\/macozag.com\/index.php?rest_route=%2Fwp%2Fv2%2Fproduct_cat&post=236"},{"taxonomy":"product_tag","embeddable":true,"href":"https:\/\/macozag.com\/index.php?rest_route=%2Fwp%2Fv2%2Fproduct_tag&post=236"}],"curies":[{"name":"wp","href":"https:\/\/api.w.org\/{rel}","templated":true}]}}