{"id":235,"date":"2025-03-02T18:50:20","date_gmt":"2025-03-02T18:50:20","guid":{"rendered":"http:\/\/macozag.com\/?post_type=product&#038;p=235"},"modified":"2025-03-02T18:50:37","modified_gmt":"2025-03-02T18:50:37","slug":"ddl-5600-nj-7","status":"publish","type":"product","link":"https:\/\/macozag.com\/?product=ddl-5600-nj-7","title":{"rendered":"DDL-5600-NJ-7"},"content":{"rendered":"<p>M\u00e1quina de pespunte 1 aguja cortah\u00edlos con garfio de gran capacidad<br \/>Equipada con panel, limpiaparabrisas y alzaprensatelas, y longitud de puntada de 5 mm.<br \/>Mayor elevacion del prensatelas<br \/>La elevaci\u00f3n del prensatelas es de hasta 13 mm cuando se utiliza el elevador de rodilla, lo que facilita el trabajo al usuario.<br \/>Mecanismo del cortahilos seguro y fiable<br \/>Gracias al mecanismo confiable del cortah\u00edlos, que cuenta con una cuchilla m\u00f3vil y una contracuchilla, la m\u00e1quina recorta con rapidez y seguridad, desde un hilo fino hasta uno tan horrible como la cuenta #8.<br \/>Garfio de doble capacidad de eje horizontal<br \/>Para disminuir la frecuencia de cambio de hilo de la canilla y para conseguir una mayor eficacia.<br \/>Velocidad de costura m\u00e1x. 4000ppm<br \/>Longitud de puntada m\u00e1x. 5mm<br \/>Elevaci\u00f3n del prensatelas Manual: 5,5 mm Rodilla: 13 mm<\/p>\n","protected":false},"excerpt":{"rendered":"<p>M\u00e1quina de pespunte 1 aguja cortah\u00edlos con garfio de gran capacidad<\/p>\n","protected":false},"featured_media":265,"comment_status":"open","ping_status":"closed","template":"","meta":[],"product_brand":[],"product_cat":[36,27],"product_tag":[],"class_list":{"0":"post-235","1":"product","2":"type-product","3":"status-publish","4":"has-post-thumbnail","6":"product_cat-juki-cortahilos","7":"product_cat-cortahilos","9":"first","10":"instock","11":"taxable","12":"shipping-taxable","13":"product-type-simple"},"_links":{"self":[{"href":"https:\/\/macozag.com\/index.php?rest_route=\/wp\/v2\/product\/235","targetHints":{"allow":["GET"]}}],"collection":[{"href":"https:\/\/macozag.com\/index.php?rest_route=\/wp\/v2\/product"}],"about":[{"href":"https:\/\/macozag.com\/index.php?rest_route=\/wp\/v2\/types\/product"}],"replies":[{"embeddable":true,"href":"https:\/\/macozag.com\/index.php?rest_route=%2Fwp%2Fv2%2Fcomments&post=235"}],"wp:featuredmedia":[{"embeddable":true,"href":"https:\/\/macozag.com\/index.php?rest_route=\/wp\/v2\/media\/265"}],"wp:attachment":[{"href":"https:\/\/macozag.com\/index.php?rest_route=%2Fwp%2Fv2%2Fmedia&parent=235"}],"wp:term":[{"taxonomy":"product_brand","embeddable":true,"href":"https:\/\/macozag.com\/index.php?rest_route=%2Fwp%2Fv2%2Fproduct_brand&post=235"},{"taxonomy":"product_cat","embeddable":true,"href":"https:\/\/macozag.com\/index.php?rest_route=%2Fwp%2Fv2%2Fproduct_cat&post=235"},{"taxonomy":"product_tag","embeddable":true,"href":"https:\/\/macozag.com\/index.php?rest_route=%2Fwp%2Fv2%2Fproduct_tag&post=235"}],"curies":[{"name":"wp","href":"https:\/\/api.w.org\/{rel}","templated":true}]}}