{"id":234,"date":"2025-03-02T18:50:20","date_gmt":"2025-03-02T18:50:20","guid":{"rendered":"http:\/\/macozag.com\/?post_type=product&#038;p=234"},"modified":"2025-03-02T18:50:36","modified_gmt":"2025-03-02T18:50:36","slug":"dmn-5420n-7","status":"publish","type":"product","link":"https:\/\/macozag.com\/?product=dmn-5420n-7","title":{"rendered":"DMN-5420N-7"},"content":{"rendered":"<p>Maquina de coser y cortar 1 aguja cortahilos con doble arrastre<br \/>Equipada con cuchilla recortadora de sobrantes, panel de programaci\u00f3n, limpiaparabrisas y alzaprensatelas.<br \/>Palanca de la cuchilla multiusos<br \/>Dado que la palanca de la cuchilla se ha revestido para evitar la oxidaci\u00f3n, no hay que preocuparse de que el material se ensucie de \u00f3xido.<br \/>Ajuste de la posicion de la cuchilla para el corte de tela<br \/>La cuchilla de corte de tela ha sido dise\u00f1ada para que pueda desplazarse hasta 5,5 mm hacia usted desde el centro de la aguja.<br \/>Mecanismo del cortahilos seguro y fiable<br \/>El cortahilos est\u00e1 dise\u00f1ado para cortar varios hilos de diferentes grosores, por lo que se ha ampliado el rango del n\u00famero de grosor de hilo aplicable.<br \/>Velocidad de costura m\u00e1x. 5000ppm<br \/>Longitud de puntada m\u00e1x. Arrastre normal: 5 mm Atacado: 3 mm<br \/>Elevaci\u00f3n del prensatelas Manual: 5,5 mm Rodilla: 10 mm<\/p>\n","protected":false},"excerpt":{"rendered":"<p>Maquina de coser y cortar 1 aguja cortahilos con doble arrastre Equipada con cuchilla recortadora de sobrantes, panel de programaci\u00f3n, limpiaparabrisas y alzaprensatelas.<\/p>\n","protected":false},"featured_media":264,"comment_status":"open","ping_status":"closed","template":"","meta":[],"product_brand":[],"product_cat":[35,29],"product_tag":[],"class_list":{"0":"post-234","1":"product","2":"type-product","3":"status-publish","4":"has-post-thumbnail","6":"product_cat-juki-doble-arrastre","7":"product_cat-doble-arrastre","9":"first","10":"instock","11":"taxable","12":"shipping-taxable","13":"product-type-simple"},"_links":{"self":[{"href":"https:\/\/macozag.com\/index.php?rest_route=\/wp\/v2\/product\/234","targetHints":{"allow":["GET"]}}],"collection":[{"href":"https:\/\/macozag.com\/index.php?rest_route=\/wp\/v2\/product"}],"about":[{"href":"https:\/\/macozag.com\/index.php?rest_route=\/wp\/v2\/types\/product"}],"replies":[{"embeddable":true,"href":"https:\/\/macozag.com\/index.php?rest_route=%2Fwp%2Fv2%2Fcomments&post=234"}],"wp:featuredmedia":[{"embeddable":true,"href":"https:\/\/macozag.com\/index.php?rest_route=\/wp\/v2\/media\/264"}],"wp:attachment":[{"href":"https:\/\/macozag.com\/index.php?rest_route=%2Fwp%2Fv2%2Fmedia&parent=234"}],"wp:term":[{"taxonomy":"product_brand","embeddable":true,"href":"https:\/\/macozag.com\/index.php?rest_route=%2Fwp%2Fv2%2Fproduct_brand&post=234"},{"taxonomy":"product_cat","embeddable":true,"href":"https:\/\/macozag.com\/index.php?rest_route=%2Fwp%2Fv2%2Fproduct_cat&post=234"},{"taxonomy":"product_tag","embeddable":true,"href":"https:\/\/macozag.com\/index.php?rest_route=%2Fwp%2Fv2%2Fproduct_tag&post=234"}],"curies":[{"name":"wp","href":"https:\/\/api.w.org\/{rel}","templated":true}]}}