{"id":232,"date":"2025-03-02T18:50:20","date_gmt":"2025-03-02T18:50:20","guid":{"rendered":"http:\/\/macozag.com\/?post_type=product&#038;p=232"},"modified":"2025-11-13T17:09:59","modified_gmt":"2025-11-13T17:09:59","slug":"dln-9010ash","status":"publish","type":"product","link":"https:\/\/macozag.com\/?product=dln-9010ash","title":{"rendered":"DLN-9010ASH"},"content":{"rendered":"<p>M\u00e1quina de pespunte 1 aguja cortah\u00edlos con doble arrastre por aguja y dientes<br \/>Para g\u00e9nero medio y grueso, equipado con cortah\u00edlos Direct Drive, panel, wiper, alzaprensatelas, motor incorporado, y sin c\u00e1rter de aceite.<br \/>Sistema de arrastre por aguja y dientes<br \/>El locus del arrastre inferior se ha mejorado para que coincida con el movimiento de arrastre de la aguja, por lo que la m\u00e1quina produce hermosas costuras sin que se junten las puntadas, incluso cuando se utiliza para coser material resbaladizo y dif\u00edcil de alimentar o para manejar un proceso dificil. El mecanismo de arrastre de las agujas es del llamado \u00abtipo seco\u00bb, que no requiere lubricaci\u00f3n.<br \/>Sin c\u00e1rter de aceite<br \/>Suministra una diminuta de aceite lubricante a la cantidad de gancho ya la barra de agujas, contribuyendo as\u00ed a crear un entorno de trabajo limpio.<br \/>Motor Servocompacto<br \/>Cortah\u00edlos autom\u00e1ticos<br \/>Ahora se puede controlar con precisi\u00f3n el tiempo de corte del hilo. Como resultado, la velocidad de corte de hilo se incrementa 1,5 veces o m\u00e1s.<br \/>Velocidad de costura m\u00e1x. 4000ppm<br \/>Longitud de puntada m\u00e1x. 4,5mm<br \/>Elevaci\u00f3n del prensatelas Manual: 5,5 mm Rodilla: 15 mm Auto: 10 mm<\/p>\n","protected":false},"excerpt":{"rendered":"<p>M\u00e1quina de pespunte 1 aguja cortah\u00edlos con doble arrastre por aguja y dientes Para g\u00e9nero medio y grueso, equipado con cortah\u00edlos Direct Drive, panel, wiper, alzaprensatelas, motor incorporado, y sin c\u00e1rter de aceite. <\/p>\n","protected":false},"featured_media":262,"comment_status":"open","ping_status":"closed","template":"","meta":[],"product_brand":[],"product_cat":[35,29],"product_tag":[],"class_list":{"0":"post-232","1":"product","2":"type-product","3":"status-publish","4":"has-post-thumbnail","6":"product_cat-juki-doble-arrastre","7":"product_cat-doble-arrastre","9":"first","10":"instock","11":"taxable","12":"shipping-taxable","13":"product-type-simple"},"_links":{"self":[{"href":"https:\/\/macozag.com\/index.php?rest_route=\/wp\/v2\/product\/232","targetHints":{"allow":["GET"]}}],"collection":[{"href":"https:\/\/macozag.com\/index.php?rest_route=\/wp\/v2\/product"}],"about":[{"href":"https:\/\/macozag.com\/index.php?rest_route=\/wp\/v2\/types\/product"}],"replies":[{"embeddable":true,"href":"https:\/\/macozag.com\/index.php?rest_route=%2Fwp%2Fv2%2Fcomments&post=232"}],"wp:featuredmedia":[{"embeddable":true,"href":"https:\/\/macozag.com\/index.php?rest_route=\/wp\/v2\/media\/262"}],"wp:attachment":[{"href":"https:\/\/macozag.com\/index.php?rest_route=%2Fwp%2Fv2%2Fmedia&parent=232"}],"wp:term":[{"taxonomy":"product_brand","embeddable":true,"href":"https:\/\/macozag.com\/index.php?rest_route=%2Fwp%2Fv2%2Fproduct_brand&post=232"},{"taxonomy":"product_cat","embeddable":true,"href":"https:\/\/macozag.com\/index.php?rest_route=%2Fwp%2Fv2%2Fproduct_cat&post=232"},{"taxonomy":"product_tag","embeddable":true,"href":"https:\/\/macozag.com\/index.php?rest_route=%2Fwp%2Fv2%2Fproduct_tag&post=232"}],"curies":[{"name":"wp","href":"https:\/\/api.w.org\/{rel}","templated":true}]}}