{"id":228,"date":"2025-03-02T18:50:19","date_gmt":"2025-03-02T18:50:19","guid":{"rendered":"http:\/\/macozag.com\/?post_type=product&#038;p=228"},"modified":"2025-03-02T18:50:33","modified_gmt":"2025-03-02T18:50:33","slug":"s7-92t","status":"publish","type":"product","link":"https:\/\/macozag.com\/?product=s7-92t","title":{"rendered":"S7-92T"},"content":{"rendered":"<p>M\u00e1quina de columna 2 agujas con doble arrastre<br \/>Equipada con motor paso a paso para controlar la barra agujas, el diente de arrastre inferior y la tracci\u00f3n de la patarueda superior; y l\u00e1mpara bicolor. El motor paso a paso permite tener una fuera de penetraci\u00f3n de la aguja mayor.<br \/>motor paso a paso<br \/>La pata rueda superior e inferior, y la barra aguja est\u00e1n controladas por el motor paso a paso, permiten un perfecto arrastre y una perfecta armon\u00eda de longitud de puntadas.<br \/>ajuste de presion<br \/>Para un ajuste sencillo, preciso y directo.<br \/>Diferentes longitudes de puntada<br \/>Soluciona el problema de que la longitud de puntada se hace m\u00e1s peque\u00f1a en las esquinas.<br \/>Doble arrastre con opci\u00f3n a arrastre de la tela inferior independiente<br \/>La palanca de rematado incorpora un sistema que permite a la rueda inferior rotar libremente cuando se este se activa. Se puede activar con el brazo, sin necesidad de desplazar la mano.<br \/>Panel t\u00e1ctil<br \/>Para un uso de la maquina mas sencillo y dinamico.<br \/>modelos Agujas Longitud de puntada (mm) Altura prensatelas (mm) movimiento barra aguja Cortah\u00edlos autom\u00e1ticos Remate autom\u00e1tico Prensatelas automatico corte hebra hilo Velocidad (ppm)<br \/>S7-91T 1 5 12 41 X X X 2500<br \/>S7-91CX-T 1 5 12 41 X X X X 2500<br \/>S7-92T 2 5 12 41 X X X 2000<\/p>\n","protected":false},"excerpt":{"rendered":"<p>M\u00e1quina de columna 2 agujas con doble arrastre<\/p>\n","protected":false},"featured_media":258,"comment_status":"open","ping_status":"closed","template":"","meta":[],"product_brand":[],"product_cat":[34,33],"product_tag":[],"class_list":{"0":"post-228","1":"product","2":"type-product","3":"status-publish","4":"has-post-thumbnail","6":"product_cat-jack-doble-aguja","7":"product_cat-doble-aguja","9":"first","10":"instock","11":"taxable","12":"shipping-taxable","13":"product-type-simple"},"_links":{"self":[{"href":"https:\/\/macozag.com\/index.php?rest_route=\/wp\/v2\/product\/228","targetHints":{"allow":["GET"]}}],"collection":[{"href":"https:\/\/macozag.com\/index.php?rest_route=\/wp\/v2\/product"}],"about":[{"href":"https:\/\/macozag.com\/index.php?rest_route=\/wp\/v2\/types\/product"}],"replies":[{"embeddable":true,"href":"https:\/\/macozag.com\/index.php?rest_route=%2Fwp%2Fv2%2Fcomments&post=228"}],"wp:featuredmedia":[{"embeddable":true,"href":"https:\/\/macozag.com\/index.php?rest_route=\/wp\/v2\/media\/258"}],"wp:attachment":[{"href":"https:\/\/macozag.com\/index.php?rest_route=%2Fwp%2Fv2%2Fmedia&parent=228"}],"wp:term":[{"taxonomy":"product_brand","embeddable":true,"href":"https:\/\/macozag.com\/index.php?rest_route=%2Fwp%2Fv2%2Fproduct_brand&post=228"},{"taxonomy":"product_cat","embeddable":true,"href":"https:\/\/macozag.com\/index.php?rest_route=%2Fwp%2Fv2%2Fproduct_cat&post=228"},{"taxonomy":"product_tag","embeddable":true,"href":"https:\/\/macozag.com\/index.php?rest_route=%2Fwp%2Fv2%2Fproduct_tag&post=228"}],"curies":[{"name":"wp","href":"https:\/\/api.w.org\/{rel}","templated":true}]}}