{"id":226,"date":"2025-03-02T18:50:19","date_gmt":"2025-03-02T18:50:19","guid":{"rendered":"http:\/\/macozag.com\/?post_type=product&#038;p=226"},"modified":"2025-03-02T18:50:32","modified_gmt":"2025-03-02T18:50:32","slug":"s7-91cx-t","status":"publish","type":"product","link":"https:\/\/macozag.com\/?product=s7-91cx-t","title":{"rendered":"S7-91CX-T"},"content":{"rendered":"<p>M\u00e1quina de columna 1 aguja doble arrastre<br \/>Equipada con motor paso a paso para controlar la barra agujas, el diente de arrastre inferior y la tracci\u00f3n de la patarueda superior; y l\u00e1mpara bicolor. El motor paso a paso permite tener una fuera de penetraci\u00f3n de la aguja mayor. Con su sistema de cortah\u00edlos, deja una hebra de hilo a 3 mm al final de la costura.<br \/>motor paso a paso<br \/>La pata rueda superior e inferior, y la barra aguja est\u00e1n controladas por el motor paso a paso, permiten un perfecto arrastre y una perfecta armon\u00eda de longitud de puntadas.<br \/>ajuste de presion<br \/>Para un ajuste sencillo, preciso y directo.<br \/>Diferentes longitudes de puntada<br \/>Soluciona el problema de que la longitud de puntada se hace m\u00e1s peque\u00f1a en las esquinas.<br \/>Doble arrastre con opci\u00f3n a arrastre de la tela inferior independiente<br \/>La palanca de rematado incorpora un sistema que permite a la rueda inferior rotar libremente cuando se este se activa. Se puede activar con el brazo, sin necesidad de desplazar la mano.<br \/>Panel t\u00e1ctil<br \/>Para un uso de la maquina mas sencillo y dinamico.<br \/>Hebra del hilo a 3 mm<br \/>Cortah\u00edlos preciso y limpio, gracias a su nuevo dise\u00f1o el hilo se corta a s\u00f3lo 3 mm para no tener que recortarlo a mano, ahorrando tiempo y dinero.<br \/>modelos Agujas Longitud de puntada (mm) Altura prensatelas (mm) movimiento barra aguja Cortah\u00edlos autom\u00e1ticos Remate autom\u00e1tico Prensatelas automatico corte hebra hilo Velocidad (ppm)<br \/>S7-91T 1 5 12 41 X X X 2500<br \/>S7-91CX-T 1 5 12 41 X X X X 2500<br \/>S7-92T 2 5 12 41 X X X 2000<\/p>\n","protected":false},"excerpt":{"rendered":"<p>M\u00e1quina de columna 1 aguja doble arrastre<\/p>\n","protected":false},"featured_media":256,"comment_status":"open","ping_status":"closed","template":"","meta":[],"product_brand":[],"product_cat":[30,29],"product_tag":[],"class_list":{"0":"post-226","1":"product","2":"type-product","3":"status-publish","4":"has-post-thumbnail","6":"product_cat-jack-doble-arrastre","7":"product_cat-doble-arrastre","9":"first","10":"instock","11":"taxable","12":"shipping-taxable","13":"product-type-simple"},"_links":{"self":[{"href":"https:\/\/macozag.com\/index.php?rest_route=\/wp\/v2\/product\/226","targetHints":{"allow":["GET"]}}],"collection":[{"href":"https:\/\/macozag.com\/index.php?rest_route=\/wp\/v2\/product"}],"about":[{"href":"https:\/\/macozag.com\/index.php?rest_route=\/wp\/v2\/types\/product"}],"replies":[{"embeddable":true,"href":"https:\/\/macozag.com\/index.php?rest_route=%2Fwp%2Fv2%2Fcomments&post=226"}],"wp:featuredmedia":[{"embeddable":true,"href":"https:\/\/macozag.com\/index.php?rest_route=\/wp\/v2\/media\/256"}],"wp:attachment":[{"href":"https:\/\/macozag.com\/index.php?rest_route=%2Fwp%2Fv2%2Fmedia&parent=226"}],"wp:term":[{"taxonomy":"product_brand","embeddable":true,"href":"https:\/\/macozag.com\/index.php?rest_route=%2Fwp%2Fv2%2Fproduct_brand&post=226"},{"taxonomy":"product_cat","embeddable":true,"href":"https:\/\/macozag.com\/index.php?rest_route=%2Fwp%2Fv2%2Fproduct_cat&post=226"},{"taxonomy":"product_tag","embeddable":true,"href":"https:\/\/macozag.com\/index.php?rest_route=%2Fwp%2Fv2%2Fproduct_tag&post=226"}],"curies":[{"name":"wp","href":"https:\/\/api.w.org\/{rel}","templated":true}]}}