{"id":224,"date":"2025-03-02T18:50:18","date_gmt":"2025-03-02T18:50:18","guid":{"rendered":"http:\/\/macozag.com\/?post_type=product&#038;p=224"},"modified":"2025-03-02T18:50:31","modified_gmt":"2025-03-02T18:50:31","slug":"jk-h6-cz-4-iot","status":"publish","type":"product","link":"https:\/\/macozag.com\/?product=jk-h6-cz-4-iot","title":{"rendered":"JK-H6-CZ-4-IoT"},"content":{"rendered":"<p>M\u00e1quina de 1 aguja cortah\u00edlos doble arrastre por pata y diente con sistema IoT<br \/>M\u00e1quina doble punta arrastre por pata y diente para tejidos medios y gruesos, equipada con cortah\u00edlos, alzaprensatelas, regulaci\u00f3n de longitud de electr\u00f3nica, remates electr\u00f3nicos, sistema IoT, luz LED integrada y motor Direct Drive.<br \/>Longitud de puntada precisa<br \/>Controlada por el motor paso a paso, la longitud de puntada se puede regular de 0,1 mm a 10 mm mediante el panel de programaci\u00f3n.<br \/>variables puntadas<br \/>Dispone de patrones editables para conseguir diferentes tipos de puntadas.<br \/>doble arrastre por pata y diente<br \/>Incorpora motor de mayor potencia (750W), con una fuerza de arrastre que permite arrastrar hasta 8 capas de material, consiguiendo unas puntadas perfectas.<br \/>Segunda longitud de puntada<br \/>Simplemente presionando el bot\u00f3n, podr\u00e1 cambiar a la segunda longitud de puntada, y realizar una longitud de media puntada.<\/p>\n","protected":false},"excerpt":{"rendered":"<p>M\u00e1quina de 1 aguja cortah\u00edlos doble arrastre por pata y diente con sistema IoT<\/p>\n","protected":false},"featured_media":254,"comment_status":"open","ping_status":"closed","template":"","meta":[],"product_brand":[],"product_cat":[29,30],"product_tag":[],"class_list":{"0":"post-224","1":"product","2":"type-product","3":"status-publish","4":"has-post-thumbnail","6":"product_cat-doble-arrastre","7":"product_cat-jack-doble-arrastre","9":"first","10":"instock","11":"taxable","12":"shipping-taxable","13":"product-type-simple"},"_links":{"self":[{"href":"https:\/\/macozag.com\/index.php?rest_route=\/wp\/v2\/product\/224","targetHints":{"allow":["GET"]}}],"collection":[{"href":"https:\/\/macozag.com\/index.php?rest_route=\/wp\/v2\/product"}],"about":[{"href":"https:\/\/macozag.com\/index.php?rest_route=\/wp\/v2\/types\/product"}],"replies":[{"embeddable":true,"href":"https:\/\/macozag.com\/index.php?rest_route=%2Fwp%2Fv2%2Fcomments&post=224"}],"wp:featuredmedia":[{"embeddable":true,"href":"https:\/\/macozag.com\/index.php?rest_route=\/wp\/v2\/media\/254"}],"wp:attachment":[{"href":"https:\/\/macozag.com\/index.php?rest_route=%2Fwp%2Fv2%2Fmedia&parent=224"}],"wp:term":[{"taxonomy":"product_brand","embeddable":true,"href":"https:\/\/macozag.com\/index.php?rest_route=%2Fwp%2Fv2%2Fproduct_brand&post=224"},{"taxonomy":"product_cat","embeddable":true,"href":"https:\/\/macozag.com\/index.php?rest_route=%2Fwp%2Fv2%2Fproduct_cat&post=224"},{"taxonomy":"product_tag","embeddable":true,"href":"https:\/\/macozag.com\/index.php?rest_route=%2Fwp%2Fv2%2Fproduct_tag&post=224"}],"curies":[{"name":"wp","href":"https:\/\/api.w.org\/{rel}","templated":true}]}}