{"id":220,"date":"2025-03-02T18:50:17","date_gmt":"2025-03-02T18:50:17","guid":{"rendered":"http:\/\/macozag.com\/?post_type=product&#038;p=220"},"modified":"2025-03-02T18:50:28","modified_gmt":"2025-03-02T18:50:28","slug":"jk-6891","status":"publish","type":"product","link":"https:\/\/macozag.com\/?product=jk-6891","title":{"rendered":"JK-6891"},"content":{"rendered":"<p>M\u00e1quina de columna 1 aguja acompa\u00f1ante<br \/>Equipada con sistema de arrastre por pata rueda superior y motor paso a paso para diente inferior, cortah\u00edlos, remate autom\u00e1tico, prensatelas integrado, luz LED integrada y motor Direct Drive. Longitud de puntada hasta 5 mm.<br \/>motor independiente<br \/>A trav\u00e9s del programador podemos modificar el efecto de arrastre dependiendo si es para g\u00e9nero grueso o fino.<br \/>F\u00e1cil ajuste de longitud de puntada<br \/>Directamente desde el panel.<br \/>Motor integrado<br \/>Con el cortah\u00edlos, el remate autom\u00e1tico y el alzaprensatelas, aumenta la eficiencia un 40%.<br \/>Perfecta superposici\u00f3n de puntada<br \/>potencia de perforacion<br \/>Puede coser un grosor similar a 95 hojas de papel a la vez.<br \/>modelos Agujas Longitud de puntada (mm) Altura prensatelas (mm) movimiento barra aguja Cortah\u00edlos autom\u00e1ticos Remate autom\u00e1tico Prensatelas automatico corte hebra hilo Velocidad (ppm)<br \/>JK-6891 1 5 7 \/ 12 41 X X X 3000<br \/>JK-6891-X 1 5 7 \/ 12 41 X X X X 3000<br \/>JK-6892 2 5 7 \/ 12 41 X X X 2000<\/p>\n","protected":false},"excerpt":{"rendered":"<p>M\u00e1quina de columna 1 aguja acompa\u00f1ante<\/p>\n","protected":false},"featured_media":250,"comment_status":"open","ping_status":"closed","template":"","meta":[],"product_brand":[],"product_cat":[29,30],"product_tag":[],"class_list":{"0":"post-220","1":"product","2":"type-product","3":"status-publish","4":"has-post-thumbnail","6":"product_cat-doble-arrastre","7":"product_cat-jack-doble-arrastre","9":"first","10":"instock","11":"taxable","12":"shipping-taxable","13":"product-type-simple"},"_links":{"self":[{"href":"https:\/\/macozag.com\/index.php?rest_route=\/wp\/v2\/product\/220","targetHints":{"allow":["GET"]}}],"collection":[{"href":"https:\/\/macozag.com\/index.php?rest_route=\/wp\/v2\/product"}],"about":[{"href":"https:\/\/macozag.com\/index.php?rest_route=\/wp\/v2\/types\/product"}],"replies":[{"embeddable":true,"href":"https:\/\/macozag.com\/index.php?rest_route=%2Fwp%2Fv2%2Fcomments&post=220"}],"wp:featuredmedia":[{"embeddable":true,"href":"https:\/\/macozag.com\/index.php?rest_route=\/wp\/v2\/media\/250"}],"wp:attachment":[{"href":"https:\/\/macozag.com\/index.php?rest_route=%2Fwp%2Fv2%2Fmedia&parent=220"}],"wp:term":[{"taxonomy":"product_brand","embeddable":true,"href":"https:\/\/macozag.com\/index.php?rest_route=%2Fwp%2Fv2%2Fproduct_brand&post=220"},{"taxonomy":"product_cat","embeddable":true,"href":"https:\/\/macozag.com\/index.php?rest_route=%2Fwp%2Fv2%2Fproduct_cat&post=220"},{"taxonomy":"product_tag","embeddable":true,"href":"https:\/\/macozag.com\/index.php?rest_route=%2Fwp%2Fv2%2Fproduct_tag&post=220"}],"curies":[{"name":"wp","href":"https:\/\/api.w.org\/{rel}","templated":true}]}}