{"id":190,"date":"2025-03-02T18:49:54","date_gmt":"2025-03-02T18:49:54","guid":{"rendered":"http:\/\/macozag.com\/?post_type=product&#038;p=190"},"modified":"2025-03-02T18:50:22","modified_gmt":"2025-03-02T18:50:22","slug":"swd-5580h","status":"publish","type":"product","link":"https:\/\/macozag.com\/?product=swd-5580h","title":{"rendered":"SWD-5580H"},"content":{"rendered":"<p>M\u00e1quina de pespunte de 1 aguja con engrase autom\u00e1tico. Garfio gran capacidad, velocidad 2.500 PPM, longitud m\u00e1xima de puntada 8 mm para g\u00e9neros medios y gruesos.<\/p>\n","protected":false},"excerpt":{"rendered":"<p>M\u00e1quina de pespunte de 1 aguja con engrase autom\u00e1tico<\/p>\n","protected":false},"featured_media":240,"comment_status":"open","ping_status":"closed","template":"","meta":[],"product_brand":[],"product_cat":[25,32],"product_tag":[],"class_list":{"0":"post-190","1":"product","2":"type-product","3":"status-publish","4":"has-post-thumbnail","6":"product_cat-arrastre-simple","7":"product_cat-sewmaq","9":"first","10":"instock","11":"taxable","12":"shipping-taxable","13":"product-type-simple"},"_links":{"self":[{"href":"https:\/\/macozag.com\/index.php?rest_route=\/wp\/v2\/product\/190","targetHints":{"allow":["GET"]}}],"collection":[{"href":"https:\/\/macozag.com\/index.php?rest_route=\/wp\/v2\/product"}],"about":[{"href":"https:\/\/macozag.com\/index.php?rest_route=\/wp\/v2\/types\/product"}],"replies":[{"embeddable":true,"href":"https:\/\/macozag.com\/index.php?rest_route=%2Fwp%2Fv2%2Fcomments&post=190"}],"wp:featuredmedia":[{"embeddable":true,"href":"https:\/\/macozag.com\/index.php?rest_route=\/wp\/v2\/media\/240"}],"wp:attachment":[{"href":"https:\/\/macozag.com\/index.php?rest_route=%2Fwp%2Fv2%2Fmedia&parent=190"}],"wp:term":[{"taxonomy":"product_brand","embeddable":true,"href":"https:\/\/macozag.com\/index.php?rest_route=%2Fwp%2Fv2%2Fproduct_brand&post=190"},{"taxonomy":"product_cat","embeddable":true,"href":"https:\/\/macozag.com\/index.php?rest_route=%2Fwp%2Fv2%2Fproduct_cat&post=190"},{"taxonomy":"product_tag","embeddable":true,"href":"https:\/\/macozag.com\/index.php?rest_route=%2Fwp%2Fv2%2Fproduct_tag&post=190"}],"curies":[{"name":"wp","href":"https:\/\/api.w.org\/{rel}","templated":true}]}}