{"id":188,"date":"2025-03-02T18:49:53","date_gmt":"2025-03-02T18:49:53","guid":{"rendered":"http:\/\/macozag.com\/?post_type=product&#038;p=188"},"modified":"2025-03-02T18:50:13","modified_gmt":"2025-03-02T18:50:13","slug":"swd-6710-7-p","status":"publish","type":"product","link":"https:\/\/macozag.com\/?product=swd-6710-7-p","title":{"rendered":"SWD-6710-7\/P"},"content":{"rendered":"<p>M\u00e1quina de pespunte de 1 aguja arrastre por diente con lubrificaci\u00f3n autom\u00e1tica. Equipada con puller trasero de arrastre y motor incorporado en el cabezal. Funciones: cortahilos, remates, retira hilo y alza prensatelas autom\u00e1ticos. Garfio peque\u00f1o, velocidad m\u00e1xima 5000 PPM, m\u00e1xima longitud de puntada 4mm, para materiales finos\/medios.<\/p>\n","protected":false},"excerpt":{"rendered":"<p>M\u00e1quina de pespunte de 1 aguja arrastre por diente con lubrificaci\u00f3n autom\u00e1tica.<\/p>\n","protected":false},"featured_media":218,"comment_status":"open","ping_status":"closed","template":"","meta":[],"product_brand":[],"product_cat":[25,32],"product_tag":[],"class_list":{"0":"post-188","1":"product","2":"type-product","3":"status-publish","4":"has-post-thumbnail","6":"product_cat-arrastre-simple","7":"product_cat-sewmaq","9":"first","10":"instock","11":"taxable","12":"shipping-taxable","13":"product-type-simple"},"_links":{"self":[{"href":"https:\/\/macozag.com\/index.php?rest_route=\/wp\/v2\/product\/188","targetHints":{"allow":["GET"]}}],"collection":[{"href":"https:\/\/macozag.com\/index.php?rest_route=\/wp\/v2\/product"}],"about":[{"href":"https:\/\/macozag.com\/index.php?rest_route=\/wp\/v2\/types\/product"}],"replies":[{"embeddable":true,"href":"https:\/\/macozag.com\/index.php?rest_route=%2Fwp%2Fv2%2Fcomments&post=188"}],"wp:featuredmedia":[{"embeddable":true,"href":"https:\/\/macozag.com\/index.php?rest_route=\/wp\/v2\/media\/218"}],"wp:attachment":[{"href":"https:\/\/macozag.com\/index.php?rest_route=%2Fwp%2Fv2%2Fmedia&parent=188"}],"wp:term":[{"taxonomy":"product_brand","embeddable":true,"href":"https:\/\/macozag.com\/index.php?rest_route=%2Fwp%2Fv2%2Fproduct_brand&post=188"},{"taxonomy":"product_cat","embeddable":true,"href":"https:\/\/macozag.com\/index.php?rest_route=%2Fwp%2Fv2%2Fproduct_cat&post=188"},{"taxonomy":"product_tag","embeddable":true,"href":"https:\/\/macozag.com\/index.php?rest_route=%2Fwp%2Fv2%2Fproduct_tag&post=188"}],"curies":[{"name":"wp","href":"https:\/\/api.w.org\/{rel}","templated":true}]}}