{"id":175,"date":"2025-03-02T18:49:50","date_gmt":"2025-03-02T18:49:50","guid":{"rendered":"http:\/\/macozag.com\/?post_type=product&#038;p=175"},"modified":"2025-03-02T18:49:59","modified_gmt":"2025-03-02T18:49:59","slug":"jk-a4f","status":"publish","type":"product","link":"https:\/\/macozag.com\/?product=jk-a4f","title":{"rendered":"JK-A4F"},"content":{"rendered":"<p>M\u00e1quina de pespunte 1 aguja cortah\u00edlos electr\u00f3nica para g\u00e9nero fino y medio<br \/>Equipada con panel de programaci\u00f3n, instrucciones habladas, alzaprensatelas autom\u00e1ticas silenciosas, prensatelas regulables en altura electr\u00f3nica, regulador de longitud de puntada electr\u00f3nica, remate electr\u00f3nico silencioso, condensaci\u00f3n de puntadas, sistema de edici\u00f3n de puntadas, luz LED integrada y motor Direct Drive. Incorpora un sistema de cortah\u00edlos, dejando la hebra del hilo s\u00f3lo a 3,5 mm. Longitud de puntada 5 mm.<\/p>\n","protected":false},"excerpt":{"rendered":"<p>M\u00e1quina de pespunte 1 aguja cortah\u00edlos electr\u00f3nica para g\u00e9nero fino y medio<\/p>\n","protected":false},"featured_media":205,"comment_status":"open","ping_status":"closed","template":"","meta":[],"product_brand":[],"product_cat":[27,28],"product_tag":[],"class_list":{"0":"post-175","1":"product","2":"type-product","3":"status-publish","4":"has-post-thumbnail","6":"product_cat-cortahilos","7":"product_cat-jack-cortahilos","9":"first","10":"instock","11":"taxable","12":"shipping-taxable","13":"product-type-simple"},"_links":{"self":[{"href":"https:\/\/macozag.com\/index.php?rest_route=\/wp\/v2\/product\/175","targetHints":{"allow":["GET"]}}],"collection":[{"href":"https:\/\/macozag.com\/index.php?rest_route=\/wp\/v2\/product"}],"about":[{"href":"https:\/\/macozag.com\/index.php?rest_route=\/wp\/v2\/types\/product"}],"replies":[{"embeddable":true,"href":"https:\/\/macozag.com\/index.php?rest_route=%2Fwp%2Fv2%2Fcomments&post=175"}],"wp:featuredmedia":[{"embeddable":true,"href":"https:\/\/macozag.com\/index.php?rest_route=\/wp\/v2\/media\/205"}],"wp:attachment":[{"href":"https:\/\/macozag.com\/index.php?rest_route=%2Fwp%2Fv2%2Fmedia&parent=175"}],"wp:term":[{"taxonomy":"product_brand","embeddable":true,"href":"https:\/\/macozag.com\/index.php?rest_route=%2Fwp%2Fv2%2Fproduct_brand&post=175"},{"taxonomy":"product_cat","embeddable":true,"href":"https:\/\/macozag.com\/index.php?rest_route=%2Fwp%2Fv2%2Fproduct_cat&post=175"},{"taxonomy":"product_tag","embeddable":true,"href":"https:\/\/macozag.com\/index.php?rest_route=%2Fwp%2Fv2%2Fproduct_tag&post=175"}],"curies":[{"name":"wp","href":"https:\/\/api.w.org\/{rel}","templated":true}]}}