{"id":172,"date":"2025-03-02T18:49:50","date_gmt":"2025-03-02T18:49:50","guid":{"rendered":"http:\/\/macozag.com\/?post_type=product&#038;p=172"},"modified":"2025-03-02T18:49:58","modified_gmt":"2025-03-02T18:49:58","slug":"jk-a6f-e","status":"publish","type":"product","link":"https:\/\/macozag.com\/?product=jk-a6f-e","title":{"rendered":"JK-A6F-E"},"content":{"rendered":"<p>Maquina de pespunte 1 aguja cortahilos doble arrastre<br \/>Equipada con doble arrastre por aguja y dientes con cortah\u00edlos, c\u00e1rter cerrado de aceite y cabezal semi-seco, panel de programaci\u00f3n, condensaci\u00f3n de puntadas, regulador de longitud de puntada electr\u00f3nica, remate electr\u00f3nico silencioso, pulsador de puntadas, instrucciones habladas, alzaprensatelas autom\u00e1ticas, luz LED integrada y motor Direct Drive. Incorpora un sistema cortah\u00edlos doble, dejando la hebra del hilo inferior a 3 mm. M\u00e1quina de brazo largo.<\/p>\n","protected":false},"excerpt":{"rendered":"<p>Maquina de pespunte 1 aguja cortahilos doble arrastre<\/p>\n","protected":false},"featured_media":202,"comment_status":"open","ping_status":"closed","template":"","meta":[],"product_brand":[],"product_cat":[29,30],"product_tag":[],"class_list":{"0":"post-172","1":"product","2":"type-product","3":"status-publish","4":"has-post-thumbnail","6":"product_cat-doble-arrastre","7":"product_cat-jack-doble-arrastre","9":"first","10":"instock","11":"taxable","12":"shipping-taxable","13":"product-type-simple"},"_links":{"self":[{"href":"https:\/\/macozag.com\/index.php?rest_route=\/wp\/v2\/product\/172","targetHints":{"allow":["GET"]}}],"collection":[{"href":"https:\/\/macozag.com\/index.php?rest_route=\/wp\/v2\/product"}],"about":[{"href":"https:\/\/macozag.com\/index.php?rest_route=\/wp\/v2\/types\/product"}],"replies":[{"embeddable":true,"href":"https:\/\/macozag.com\/index.php?rest_route=%2Fwp%2Fv2%2Fcomments&post=172"}],"wp:featuredmedia":[{"embeddable":true,"href":"https:\/\/macozag.com\/index.php?rest_route=\/wp\/v2\/media\/202"}],"wp:attachment":[{"href":"https:\/\/macozag.com\/index.php?rest_route=%2Fwp%2Fv2%2Fmedia&parent=172"}],"wp:term":[{"taxonomy":"product_brand","embeddable":true,"href":"https:\/\/macozag.com\/index.php?rest_route=%2Fwp%2Fv2%2Fproduct_brand&post=172"},{"taxonomy":"product_cat","embeddable":true,"href":"https:\/\/macozag.com\/index.php?rest_route=%2Fwp%2Fv2%2Fproduct_cat&post=172"},{"taxonomy":"product_tag","embeddable":true,"href":"https:\/\/macozag.com\/index.php?rest_route=%2Fwp%2Fv2%2Fproduct_tag&post=172"}],"curies":[{"name":"wp","href":"https:\/\/api.w.org\/{rel}","templated":true}]}}