{"id":171,"date":"2025-03-02T18:49:49","date_gmt":"2025-03-02T18:49:49","guid":{"rendered":"http:\/\/macozag.com\/?post_type=product&#038;p=171"},"modified":"2025-03-02T18:49:57","modified_gmt":"2025-03-02T18:49:57","slug":"jk-a7","status":"publish","type":"product","link":"https:\/\/macozag.com\/?product=jk-a7","title":{"rendered":"JK-A7"},"content":{"rendered":"<p>M\u00e1quina de pespunte 1 aguja cortah\u00edlos con arrastre digital<br \/>Equipada con cortah\u00edlos, c\u00e1rter cerrado de aceite, panel de programaci\u00f3n, condensaci\u00f3n de puntadas, regulador de longitud de puntada electr\u00f3nica, remate electr\u00f3nico silencioso, pulsador de puntadas, instrucciones habladas, alzaprensatelas autom\u00e1ticas, ajuste electr\u00f3nico de los dientes de arrastre, luz LED integrada y Accionamiento directo del motor. Incorpora un sistema cortah\u00edlos doble, dejando la hebra del hilo inferior a 3,5 mm.<\/p>\n","protected":false},"excerpt":{"rendered":"<p>M\u00e1quina de pespunte 1 aguja cortah\u00edlos con arrastre digital<\/p>\n","protected":false},"featured_media":201,"comment_status":"open","ping_status":"closed","template":"","meta":[],"product_brand":[],"product_cat":[27,28],"product_tag":[],"class_list":{"0":"post-171","1":"product","2":"type-product","3":"status-publish","4":"has-post-thumbnail","6":"product_cat-cortahilos","7":"product_cat-jack-cortahilos","9":"first","10":"instock","11":"taxable","12":"shipping-taxable","13":"product-type-simple"},"_links":{"self":[{"href":"https:\/\/macozag.com\/index.php?rest_route=\/wp\/v2\/product\/171","targetHints":{"allow":["GET"]}}],"collection":[{"href":"https:\/\/macozag.com\/index.php?rest_route=\/wp\/v2\/product"}],"about":[{"href":"https:\/\/macozag.com\/index.php?rest_route=\/wp\/v2\/types\/product"}],"replies":[{"embeddable":true,"href":"https:\/\/macozag.com\/index.php?rest_route=%2Fwp%2Fv2%2Fcomments&post=171"}],"wp:featuredmedia":[{"embeddable":true,"href":"https:\/\/macozag.com\/index.php?rest_route=\/wp\/v2\/media\/201"}],"wp:attachment":[{"href":"https:\/\/macozag.com\/index.php?rest_route=%2Fwp%2Fv2%2Fmedia&parent=171"}],"wp:term":[{"taxonomy":"product_brand","embeddable":true,"href":"https:\/\/macozag.com\/index.php?rest_route=%2Fwp%2Fv2%2Fproduct_brand&post=171"},{"taxonomy":"product_cat","embeddable":true,"href":"https:\/\/macozag.com\/index.php?rest_route=%2Fwp%2Fv2%2Fproduct_cat&post=171"},{"taxonomy":"product_tag","embeddable":true,"href":"https:\/\/macozag.com\/index.php?rest_route=%2Fwp%2Fv2%2Fproduct_tag&post=171"}],"curies":[{"name":"wp","href":"https:\/\/api.w.org\/{rel}","templated":true}]}}