{"id":1549,"date":"2025-12-01T18:37:27","date_gmt":"2025-12-01T17:37:27","guid":{"rendered":"http:\/\/macozag.com\/?post_type=product&#038;p=1549"},"modified":"2025-12-01T18:37:27","modified_gmt":"2025-12-01T17:37:27","slug":"c5000-356-02","status":"publish","type":"product","link":"https:\/\/macozag.com\/?product=c5000-356-02","title":{"rendered":"C5000-356-02"},"content":{"rendered":"<div class=\"elementor-element elementor-element-405ab78 e-con-full e-flex e-con e-child\" data-id=\"405ab78\" data-element_type=\"container\">\n<div class=\"elementor-element elementor-element-a2fe8c7 elementor-widget elementor-widget-text-editor\" data-id=\"a2fe8c7\" data-element_type=\"widget\" data-widget_type=\"text-editor.default\">\n<div class=\"elementor-widget-container\">\n<p>La\u00a0<strong>Zoje C5000-356-02 SET<\/strong>\u00a0es una m\u00e1quina de coser recubridora dise\u00f1ada especialmente para trabajar con g\u00e9renos finos y medios. Destaca por su\u00a0<strong>alta velocidad de costura<\/strong>, alcanzando hasta\u00a0<strong>5.000 puntadas por minuto<\/strong>. Su\u00a0<strong>galga entre agujas es de 5,6 mm<\/strong>\u00a0<strong>\u00f3 6,4 mm<\/strong>\u00a0y permite una\u00a0<strong>longitud m\u00e1xima de puntada de 4,5 mm<\/strong>. Esta m\u00e1quina ofrece la posibilidad de realizar la cl\u00e1sica\u00a0<strong>puntada de recubierto<\/strong>, con la opci\u00f3n de activar o desactivar el\u00a0<strong>entrelazado superior decorativo<\/strong>. Adem\u00e1s, el\u00a0<strong>prensatelas puede elevarse hasta 5 mm<\/strong>, lo que facilita el manejo de diferentes tipos de tela. Est\u00e1 equipada con un\u00a0<strong>sistema de lubricaci\u00f3n central<\/strong>, que garantiza un funcionamiento suave y prolongado.<\/p>\n<\/div>\n<\/div>\n<\/div>\n<div class=\"elementor-element elementor-element-0611197 e-con-full e-flex e-con e-child\" data-id=\"0611197\" data-element_type=\"container\">\n<div class=\"elementor-element elementor-element-d3f7ffc elementor-widget elementor-widget-text-editor\" data-id=\"d3f7ffc\" data-element_type=\"widget\" data-widget_type=\"text-editor.default\">\n<div class=\"elementor-widget-container\">\n<p><strong>Especificaciones t\u00e9cnicas:<\/strong><\/p>\n<table width=\"340\">\n<tbody>\n<tr>\n<td>M\u00e1quina de puntada de recubrimiento para aplicaciones<\/td>\n<td>universal<\/td>\n<\/tr>\n<tr>\n<td>Tipo de material de costura<\/td>\n<td>Medio-fino<\/td>\n<\/tr>\n<tr>\n<td>Tipo de arrastre<\/td>\n<td>por diente<\/td>\n<\/tr>\n<tr>\n<td>Posicionamiento autom\u00e1tico de la aguja<\/td>\n<td>S\u00ed<\/td>\n<\/tr>\n<tr>\n<td>Recorte autom\u00e1tico de hilo<\/td>\n<td>No<\/td>\n<\/tr>\n<tr>\n<td>Elevador de pie autom\u00e1tico<\/td>\n<td>No<\/td>\n<\/tr>\n<tr>\n<td>Tipo de cama<\/td>\n<td>estandard<\/td>\n<\/tr>\n<tr>\n<td>Medida entre agujas<\/td>\n<td>5,6 mm \u00f3 6,4mm<\/td>\n<\/tr>\n<tr>\n<td>Iluminaci\u00f3n LED del campo de trabajo<\/td>\n<td>S\u00ed<\/td>\n<\/tr>\n<tr>\n<td>Longitud m\u00e1xima de puntada<\/td>\n<td>4,5 mil\u00edmetros<\/td>\n<\/tr>\n<tr>\n<td>Altura de elevaci\u00f3n del prensatelas<\/td>\n<td>5 mil\u00edmetros<\/td>\n<\/tr>\n<tr>\n<td>Velocidad m\u00e1xima de costura<\/td>\n<td>5000 ppm<\/td>\n<\/tr>\n<tr>\n<td>Servomotor de CA incorporado<\/td>\n<td>S\u00ed<\/td>\n<\/tr>\n<tr>\n<td>Sistema de agujas<\/td>\n<td>UY 128<\/td>\n<\/tr>\n<tr>\n<td>Equipo<\/td>\n<td>Tablero y patas<\/td>\n<\/tr>\n<\/tbody>\n<\/table>\n<\/div>\n<\/div>\n<\/div>\n","protected":false},"excerpt":{"rendered":"<h1 class=\"product_title entry-title\">M\u00e1quina industrial ZOJE C5000-356-02<\/h1>\n<p class=\"price\">M\u00e1quina recubridora de 3 agujas con recubrimiento superior e inferior. Motor servo en el cabezal, con una velocidad de 6000 ppm, posicionador de aguja y luz de LEDs.<\/p>\n<div class=\"woocommerce-product-details__short-description\">\n<p>Galgas a escoger entre 6.4 mm o 5.6 mm<br \/>\nSe entrega con tablero y bancada instalado<\/p>\n<\/div>\n","protected":false},"featured_media":1547,"comment_status":"open","ping_status":"closed","template":"","meta":[],"product_brand":[],"product_cat":[110,73],"product_tag":[],"class_list":{"0":"post-1549","1":"product","2":"type-product","3":"status-publish","4":"has-post-thumbnail","6":"product_cat-zoje-recubridoras","7":"product_cat-recubridoras","9":"first","10":"instock","11":"taxable","12":"shipping-taxable","13":"product-type-simple"},"_links":{"self":[{"href":"https:\/\/macozag.com\/index.php?rest_route=\/wp\/v2\/product\/1549","targetHints":{"allow":["GET"]}}],"collection":[{"href":"https:\/\/macozag.com\/index.php?rest_route=\/wp\/v2\/product"}],"about":[{"href":"https:\/\/macozag.com\/index.php?rest_route=\/wp\/v2\/types\/product"}],"replies":[{"embeddable":true,"href":"https:\/\/macozag.com\/index.php?rest_route=%2Fwp%2Fv2%2Fcomments&post=1549"}],"wp:featuredmedia":[{"embeddable":true,"href":"https:\/\/macozag.com\/index.php?rest_route=\/wp\/v2\/media\/1547"}],"wp:attachment":[{"href":"https:\/\/macozag.com\/index.php?rest_route=%2Fwp%2Fv2%2Fmedia&parent=1549"}],"wp:term":[{"taxonomy":"product_brand","embeddable":true,"href":"https:\/\/macozag.com\/index.php?rest_route=%2Fwp%2Fv2%2Fproduct_brand&post=1549"},{"taxonomy":"product_cat","embeddable":true,"href":"https:\/\/macozag.com\/index.php?rest_route=%2Fwp%2Fv2%2Fproduct_cat&post=1549"},{"taxonomy":"product_tag","embeddable":true,"href":"https:\/\/macozag.com\/index.php?rest_route=%2Fwp%2Fv2%2Fproduct_tag&post=1549"}],"curies":[{"name":"wp","href":"https:\/\/api.w.org\/{rel}","templated":true}]}}